{"id":20,"date":"2025-07-13T15:52:30","date_gmt":"2025-07-13T15:52:30","guid":{"rendered":"https:\/\/lesmegalithes.be\/?page_id=20"},"modified":"2025-08-27T18:26:57","modified_gmt":"2025-08-27T18:26:57","slug":"le-gite","status":"publish","type":"page","link":"https:\/\/lesmegalithes.be\/index.php\/le-gite\/","title":{"rendered":"Le g\u00eete"},"content":{"rendered":"\t\t<div data-elementor-type=\"wp-post\" data-elementor-id=\"20\" class=\"elementor elementor-20\" data-elementor-post-type=\"page\">\n\t\t\t\t<div data-particle_enable=\"false\" data-particle-mobile-disabled=\"false\" class=\"elementor-element elementor-element-82b0e01 e-flex e-con-boxed e-con e-parent\" data-id=\"82b0e01\" data-element_type=\"container\">\n\t\t\t\t\t<div class=\"e-con-inner\">\n\t\t\t\t<div class=\"elementor-element elementor-element-fe08eda elementor-widget elementor-widget-eael-breadcrumbs\" data-id=\"fe08eda\" data-element_type=\"widget\" data-widget_type=\"eael-breadcrumbs.default\">\n\t\t\t\t<div class=\"elementor-widget-container\">\n\t\t\t\t\t\t\t<div class=\"eael-breadcrumbs\">\n\t\t\t<div class=\"eael-breadcrumbs__content\"><a href=\"https:\/\/lesmegalithes.be\">Home<\/a> <span class=\"eael-breadcrumb-separator\"><svg aria-hidden=\"true\" class=\"e-font-icon-svg e-fas-angle-right\" viewBox=\"0 0 256 512\" xmlns=\"http:\/\/www.w3.org\/2000\/svg\"><path d=\"M224.3 273l-136 136c-9.4 9.4-24.6 9.4-33.9 0l-22.6-22.6c-9.4-9.4-9.4-24.6 0-33.9l96.4-96.4-96.4-96.4c-9.4-9.4-9.4-24.6 0-33.9L54.3 103c9.4-9.4 24.6-9.4 33.9 0l136 136c9.5 9.4 9.5 24.6.1 34z\"><\/path><\/svg><\/span> <span class = \"eael-current\">Page<\/span><\/div>\t\t<\/div>\n\t\t\t\t\t\t<\/div>\n\t\t\t\t<\/div>\n\t\t\t\t\t<\/div>\n\t\t\t\t<\/div>\n\t\t<div data-particle_enable=\"false\" data-particle-mobile-disabled=\"false\" class=\"elementor-element elementor-element-5a2bde9 e-flex e-con-boxed elementor-invisible e-con e-parent\" data-id=\"5a2bde9\" data-element_type=\"container\" data-settings=\"{&quot;animation&quot;:&quot;fadeInLeft&quot;}\">\n\t\t\t\t\t<div class=\"e-con-inner\">\n\t\t\t\t<div class=\"elementor-element elementor-element-0197311 elementor-widget elementor-widget-heading\" data-id=\"0197311\" data-element_type=\"widget\" data-widget_type=\"heading.default\">\n\t\t\t\t\t<h2 class=\"elementor-heading-title elementor-size-default\">Bienvenue aux M\u00e9galithes, <br>votre refuge au c\u0153ur des Ardennes<\/h2>\t\t\t\t<\/div>\n\t\t\t\t\t<\/div>\n\t\t\t\t<\/div>\n\t\t\t\t<section data-particle_enable=\"false\" data-particle-mobile-disabled=\"false\" class=\"elementor-section elementor-top-section elementor-element elementor-element-739720e elementor-section-boxed elementor-section-height-default elementor-section-height-default\" data-id=\"739720e\" data-element_type=\"section\" data-settings=\"{&quot;background_background&quot;:&quot;classic&quot;}\">\n\t\t\t\t\t\t<div class=\"elementor-container elementor-column-gap-default\">\n\t\t\t\t\t<div class=\"elementor-column elementor-col-50 elementor-top-column elementor-element elementor-element-2441123 elementor-invisible\" data-id=\"2441123\" data-element_type=\"column\" data-settings=\"{&quot;animation&quot;:&quot;fadeInLeft&quot;}\">\n\t\t\t<div class=\"elementor-widget-wrap elementor-element-populated\">\n\t\t\t\t\t\t<div class=\"elementor-element elementor-element-d1b64b6 elementor-widget elementor-widget-text-editor\" data-id=\"d1b64b6\" data-element_type=\"widget\" data-widget_type=\"text-editor.default\">\n\t\t\t\t\t\t\t\t\t<p>Situ\u00e9 dans le charmant village de <strong data-start=\"248\" data-end=\"257\">W\u00e9ris<\/strong>, class\u00e9 parmi les plus beaux de Wallonie, <strong data-start=\"300\" data-end=\"318\">Les M\u00e9galithes<\/strong> est un g\u00eete haut de gamme qui allie confort moderne et authenticit\u00e9. Construit et d\u00e9cor\u00e9 avec des mat\u00e9riaux nobles \u2013 pierre naturelle, bois massif et finitions raffin\u00e9es \u2013 il offre un cadre \u00e9l\u00e9gant et chaleureux, id\u00e9al pour se ressourcer en couple, en famille ou entre amis. Entour\u00e9 de verdure et \u00e0 quelques minutes seulement de <strong data-start=\"648\" data-end=\"658\">Durbuy<\/strong>, ce havre de paix est pens\u00e9 pour allier d\u00e9tente, luxe discret et nature.<\/p>\t\t\t\t\t\t\t\t<\/div>\n\t\t\t\t<div class=\"elementor-element elementor-element-049ecec elementor-widget elementor-widget-text-editor\" data-id=\"049ecec\" data-element_type=\"widget\" data-widget_type=\"text-editor.default\">\n\t\t\t\t\t\t\t\t\t<p data-start=\"735\" data-end=\"1080\">Le g\u00eete peut accueillir jusqu\u2019\u00e0 <strong data-start=\"767\" data-end=\"782\">8 personnes<\/strong> et dispose de <strong data-start=\"797\" data-end=\"822\">4 chambres spacieuses<\/strong>, d\u2019un <strong data-start=\"829\" data-end=\"847\">salon lumineux<\/strong> et d\u2019une <strong data-start=\"857\" data-end=\"888\">cuisine enti\u00e8rement \u00e9quip\u00e9e<\/strong> avec \u00e9lectrom\u00e9nager haut de gamme, ainsi que de salles de bain modernes. Chaque espace a \u00e9t\u00e9 am\u00e9nag\u00e9 avec soin, dans des tons doux et harmonieux, pour cr\u00e9er une atmosph\u00e8re cosy et raffin\u00e9e.<\/p>\t\t\t\t\t\t\t\t<\/div>\n\t\t\t\t<div class=\"elementor-element elementor-element-89b0bec elementor-invisible elementor-widget elementor-widget-image-carousel\" data-id=\"89b0bec\" data-element_type=\"widget\" data-settings=\"{&quot;slides_to_show&quot;:&quot;1&quot;,&quot;navigation&quot;:&quot;none&quot;,&quot;autoplay_speed&quot;:2000,&quot;_animation&quot;:&quot;fadeInLeft&quot;,&quot;autoplay&quot;:&quot;yes&quot;,&quot;pause_on_hover&quot;:&quot;yes&quot;,&quot;pause_on_interaction&quot;:&quot;yes&quot;,&quot;infinite&quot;:&quot;yes&quot;,&quot;effect&quot;:&quot;slide&quot;,&quot;speed&quot;:500}\" data-widget_type=\"image-carousel.default\">\n\t\t\t\t\t\t\t<div class=\"elementor-image-carousel-wrapper swiper\" role=\"region\" aria-roledescription=\"carousel\" aria-label=\"Carrousel d\u2019images\" dir=\"ltr\">\n\t\t\t<div class=\"elementor-image-carousel swiper-wrapper\" aria-live=\"off\">\n\t\t\t\t\t\t\t\t<div class=\"swiper-slide\" role=\"group\" aria-roledescription=\"slide\" aria-label=\"1 of 1\"><figure class=\"swiper-slide-inner\"><img decoding=\"async\" class=\"swiper-slide-image\" src=\"https:\/\/lesmegalithes.be\/wp-content\/uploads\/2025\/07\/37cd2ba5-806b-4efe-bb77-3a42d38a1ab1.png\" alt=\"37cd2ba5-806b-4efe-bb77-3a42d38a1ab1\" \/><\/figure><\/div>\t\t\t<\/div>\n\t\t\t\t\t<\/div>\n\t\t\t\t\t\t<\/div>\n\t\t\t\t<div class=\"elementor-element elementor-element-9fa95af elementor-widget elementor-widget-text-editor\" data-id=\"9fa95af\" data-element_type=\"widget\" data-widget_type=\"text-editor.default\">\n\t\t\t\t\t\t\t\t\t<p data-start=\"735\" data-end=\"1080\"><span style=\"font-family: inherit; font-size: inherit; font-style: inherit; font-variant-ligatures: inherit; font-variant-caps: inherit; font-weight: inherit;\">\u00c0 l\u2019ext\u00e9rieur, vous profitez d\u2019un <\/span><strong style=\"font-family: inherit; font-size: inherit; font-style: inherit; font-variant-ligatures: inherit; font-variant-caps: inherit;\" data-start=\"1116\" data-end=\"1141\">grand jardin privatif<\/strong><span style=\"font-family: inherit; font-size: inherit; font-style: inherit; font-variant-ligatures: inherit; font-variant-caps: inherit; font-weight: inherit;\">, d\u2019une <\/span><strong style=\"font-family: inherit; font-size: inherit; font-style: inherit; font-variant-ligatures: inherit; font-variant-caps: inherit;\" data-start=\"1149\" data-end=\"1170\">terrasse am\u00e9nag\u00e9e<\/strong><span style=\"font-family: inherit; font-size: inherit; font-style: inherit; font-variant-ligatures: inherit; font-variant-caps: inherit; font-weight: inherit;\"> et d\u2019un <\/span><strong style=\"font-family: inherit; font-size: inherit; font-style: inherit; font-variant-ligatures: inherit; font-variant-caps: inherit;\" data-start=\"1179\" data-end=\"1191\">barbecue<\/strong><span style=\"font-family: inherit; font-size: inherit; font-style: inherit; font-variant-ligatures: inherit; font-variant-caps: inherit; font-weight: inherit;\"> pour les beaux jours. Pour des moments de d\u00e9tente inoubliables, le g\u00eete propose \u00e9galement une <\/span><strong style=\"font-family: inherit; font-size: inherit; font-style: inherit; font-variant-ligatures: inherit; font-variant-caps: inherit;\" data-start=\"1286\" data-end=\"1306\">piscine<\/strong><span style=\"font-family: inherit; font-size: inherit; font-style: inherit; font-variant-ligatures: inherit; font-variant-caps: inherit; font-weight: inherit;\">, un <\/span><strong style=\"font-family: inherit; font-size: inherit; font-style: inherit; font-variant-ligatures: inherit; font-variant-caps: inherit;\" data-start=\"1311\" data-end=\"1330\">espace wellness<\/strong><span style=\"font-family: inherit; font-size: inherit; font-style: inherit; font-variant-ligatures: inherit; font-variant-caps: inherit; font-weight: inherit;\"> avec sauna et bain \u00e0 remous, ainsi qu\u2019un <\/span><strong style=\"font-family: inherit; font-size: inherit; font-style: inherit; font-variant-ligatures: inherit; font-variant-caps: inherit;\" data-start=\"1372\" data-end=\"1395\">terrain de p\u00e9tanque<\/strong><span style=\"font-family: inherit; font-size: inherit; font-style: inherit; font-variant-ligatures: inherit; font-variant-caps: inherit; font-weight: inherit;\">. Les cyclistes disposent d\u2019un <\/span><strong style=\"font-family: inherit; font-size: inherit; font-style: inherit; font-variant-ligatures: inherit; font-variant-caps: inherit;\" data-start=\"1426\" data-end=\"1455\">local s\u00e9curis\u00e9 pour v\u00e9los<\/strong><span style=\"font-family: inherit; font-size: inherit; font-style: inherit; font-variant-ligatures: inherit; font-variant-caps: inherit; font-weight: inherit;\">, et une <\/span><strong style=\"font-family: inherit; font-size: inherit; font-style: inherit; font-variant-ligatures: inherit; font-variant-caps: inherit;\" data-start=\"1464\" data-end=\"1496\">borne de recharge \u00e9lectrique<\/strong><span style=\"font-family: inherit; font-size: inherit; font-style: inherit; font-variant-ligatures: inherit; font-variant-caps: inherit; font-weight: inherit;\"> est \u00e0 votre disposition pour vos v\u00e9hicules.<\/span><\/p>\t\t\t\t\t\t\t\t<\/div>\n\t\t\t\t<div class=\"elementor-element elementor-element-e28fa6c elementor-widget elementor-widget-text-editor\" data-id=\"e28fa6c\" data-element_type=\"widget\" data-widget_type=\"text-editor.default\">\n\t\t\t\t\t\t\t\t\t<p data-start=\"1166\" data-end=\"1202\">Parmi les \u00e9quipements \u00e0 votre service :<\/p><ul><li data-start=\"1586\" data-end=\"1672\"><p data-start=\"1588\" data-end=\"1672\">Cuisine moderne avec four, lave-vaisselle, micro-ondes, r\u00e9frig\u00e9rateur et cafeti\u00e8re<\/p><\/li><li data-start=\"1673\" data-end=\"1736\"><p data-start=\"1675\" data-end=\"1736\">Connexion <strong data-start=\"1685\" data-end=\"1705\">Wi-Fi haut d\u00e9bit<\/strong>, t\u00e9l\u00e9vision, jeux de soci\u00e9t\u00e9<\/p><\/li><li data-start=\"1737\" data-end=\"1756\"><p data-start=\"1739\" data-end=\"1756\">Machine \u00e0 laver<\/p><\/li><li data-start=\"1757\" data-end=\"1783\"><p data-start=\"1759\" data-end=\"1783\">Lit b\u00e9b\u00e9, chaise haute<\/p><\/li><li data-start=\"1784\" data-end=\"1801\"><p data-start=\"1786\" data-end=\"1801\">Parking priv\u00e9<\/p><\/li><\/ul>\t\t\t\t\t\t\t\t<\/div>\n\t\t\t\t\t<\/div>\n\t\t<\/div>\n\t\t\t\t<div class=\"elementor-column elementor-col-50 elementor-top-column elementor-element elementor-element-dff93e9\" data-id=\"dff93e9\" data-element_type=\"column\">\n\t\t\t<div class=\"elementor-widget-wrap elementor-element-populated\">\n\t\t\t\t\t\t<div class=\"elementor-element elementor-element-9c28eda elementor-invisible elementor-widget elementor-widget-image\" data-id=\"9c28eda\" data-element_type=\"widget\" data-settings=\"{&quot;_animation&quot;:&quot;fadeInRight&quot;}\" data-widget_type=\"image.default\">\n\t\t\t\t\t\t\t\t\t\t\t\t\t\t\t<img fetchpriority=\"high\" decoding=\"async\" width=\"683\" height=\"1024\" src=\"https:\/\/lesmegalithes.be\/wp-content\/uploads\/2025\/07\/Salon-rustique-avec-cheminee-en-pierre-683x1024.png\" class=\"attachment-large size-large wp-image-98\" alt=\"\" srcset=\"https:\/\/lesmegalithes.be\/wp-content\/uploads\/2025\/07\/Salon-rustique-avec-cheminee-en-pierre-683x1024.png 683w, https:\/\/lesmegalithes.be\/wp-content\/uploads\/2025\/07\/Salon-rustique-avec-cheminee-en-pierre-200x300.png 200w, https:\/\/lesmegalithes.be\/wp-content\/uploads\/2025\/07\/Salon-rustique-avec-cheminee-en-pierre-768x1152.png 768w, https:\/\/lesmegalithes.be\/wp-content\/uploads\/2025\/07\/Salon-rustique-avec-cheminee-en-pierre.png 1024w\" sizes=\"(max-width: 683px) 100vw, 683px\" \/>\t\t\t\t\t\t\t\t\t\t\t\t\t\t\t<\/div>\n\t\t\t\t<div class=\"elementor-element elementor-element-8a9d201 elementor-widget elementor-widget-text-editor\" data-id=\"8a9d201\" data-element_type=\"widget\" data-widget_type=\"text-editor.default\">\n\t\t\t\t\t\t\t\t\t<p>Aux <strong data-start=\"1807\" data-end=\"1821\">M\u00e9galithes<\/strong>, tout est pens\u00e9 pour vous offrir un s\u00e9jour d\u2019exception, o\u00f9 luxe, confort et nature se rencontrent.<\/p>\t\t\t\t\t\t\t\t<\/div>\n\t\t\t\t\t<\/div>\n\t\t<\/div>\n\t\t\t\t\t<\/div>\n\t\t<\/section>\n\t\t<div data-particle_enable=\"false\" data-particle-mobile-disabled=\"false\" class=\"elementor-element elementor-element-78a3bd4 e-flex e-con-boxed e-con e-parent\" data-id=\"78a3bd4\" data-element_type=\"container\">\n\t\t\t\t\t<div class=\"e-con-inner\">\n\t\t\t\t<div class=\"elementor-element elementor-element-8bbbf4d elementor-widget elementor-widget-heading\" data-id=\"8bbbf4d\" data-element_type=\"widget\" data-widget_type=\"heading.default\">\n\t\t\t\t\t<h3 class=\"elementor-heading-title elementor-size-default\">Salon &amp; Salle \u00e0 manger<\/h3>\t\t\t\t<\/div>\n\t\t\t\t<div class=\"elementor-element elementor-element-388fc58 elementor-widget elementor-widget-text-editor\" data-id=\"388fc58\" data-element_type=\"widget\" data-widget_type=\"text-editor.default\">\n\t\t\t\t\t\t\t\t\t<div id=\"metaslider-id-652\" style=\"width: 100%;\" class=\"ml-slider-3-99-0 metaslider metaslider-flex metaslider-652 ml-slider ms-theme-blend has-dots-nav\" role=\"region\" aria-label=\"Salon &amp; Salle \u00e0 manger\" data-width=\"700\">\n    <div id=\"metaslider_container_652\">\n        <div id=\"metaslider_652\">\n            <ul class='slides'>\n                <li style=\"display: block; width: 100%;\" class=\"slide-653 ms-image \" aria-roledescription=\"slide\" data-date=\"2025-07-14 09:07:23\"><img decoding=\"async\" src=\"https:\/\/lesmegalithes.be\/wp-content\/uploads\/2025\/07\/ChatGPT-Image-6-juil.-2025-09_40_36-700x300.png\" height=\"300\" width=\"700\" alt=\"\" class=\"slider-652 slide-653 msDefaultImage\" title=\"ChatGPT Image 6 juil. 2025, 09_40_36\" \/><\/li>\n                <li style=\"display: none; width: 100%;\" class=\"slide-654 ms-image \" aria-roledescription=\"slide\" data-date=\"2025-07-14 09:07:50\"><img decoding=\"async\" src=\"https:\/\/lesmegalithes.be\/wp-content\/uploads\/2025\/07\/37cd2ba5-806b-4efe-bb77-3a42d38a1ab1-700x300.png\" height=\"300\" width=\"700\" alt=\"\" class=\"slider-652 slide-654 msDefaultImage\" title=\"37cd2ba5-806b-4efe-bb77-3a42d38a1ab1\" \/><\/li>\n            <\/ul>\n        <\/div>\n        \n    <\/div>\n<\/div>\t\t\t\t\t\t\t\t<\/div>\n\t\t\t\t\t<\/div>\n\t\t\t\t<\/div>\n\t\t<div data-particle_enable=\"false\" data-particle-mobile-disabled=\"false\" class=\"elementor-element elementor-element-b6f2f62 e-flex e-con-boxed e-con e-parent\" data-id=\"b6f2f62\" data-element_type=\"container\">\n\t\t\t\t\t<div class=\"e-con-inner\">\n\t\t\t\t<div class=\"elementor-element elementor-element-bb44f47 elementor-widget elementor-widget-heading\" data-id=\"bb44f47\" data-element_type=\"widget\" data-widget_type=\"heading.default\">\n\t\t\t\t\t<h3 class=\"elementor-heading-title elementor-size-default\">Cuisine<\/h3>\t\t\t\t<\/div>\n\t\t\t\t<div class=\"elementor-element elementor-element-d2c09db elementor-widget elementor-widget-text-editor\" data-id=\"d2c09db\" data-element_type=\"widget\" data-widget_type=\"text-editor.default\">\n\t\t\t\t\t\t\t\t\t<div id=\"metaslider-id-721\" style=\"width: 100%;\" class=\"ml-slider-3-99-0 metaslider metaslider-flex metaslider-721 ml-slider ms-theme-blend has-dots-nav\" role=\"region\" aria-label=\"Cuisine\" data-width=\"700\">\n    <div id=\"metaslider_container_721\">\n        <div id=\"metaslider_721\">\n            <ul class='slides'>\n                <li style=\"display: block; width: 100%;\" class=\"slide-724 ms-image \" aria-roledescription=\"slide\" data-date=\"2025-07-14 09:46:52\"><img loading=\"lazy\" decoding=\"async\" src=\"https:\/\/lesmegalithes.be\/wp-content\/uploads\/2025\/07\/pexels-cottonbro-3584926-700x300.jpg\" height=\"300\" width=\"700\" alt=\"\" class=\"slider-721 slide-724 msDefaultImage\" title=\"pexels-cottonbro-3584926\" \/><\/li>\n                <li style=\"display: none; width: 100%;\" class=\"slide-725 ms-image \" aria-roledescription=\"slide\" data-date=\"2025-07-14 09:46:52\"><img loading=\"lazy\" decoding=\"async\" src=\"https:\/\/lesmegalithes.be\/wp-content\/uploads\/2025\/07\/pexels-daniel-dolidze-713706614-18251550-700x300.jpg\" height=\"300\" width=\"700\" alt=\"\" class=\"slider-721 slide-725 msDefaultImage\" title=\"pexels-daniel-dolidze-713706614-18251550\" \/><\/li>\n            <\/ul>\n        <\/div>\n        \n    <\/div>\n<\/div>\t\t\t\t\t\t\t\t<\/div>\n\t\t\t\t\t<\/div>\n\t\t\t\t<\/div>\n\t\t<div data-particle_enable=\"false\" data-particle-mobile-disabled=\"false\" class=\"elementor-element elementor-element-f5d8530 e-flex e-con-boxed e-con e-parent\" data-id=\"f5d8530\" data-element_type=\"container\">\n\t\t\t\t\t<div class=\"e-con-inner\">\n\t\t\t\t<div class=\"elementor-element elementor-element-f989275 elementor-widget elementor-widget-heading\" data-id=\"f989275\" data-element_type=\"widget\" data-widget_type=\"heading.default\">\n\t\t\t\t\t<h3 class=\"elementor-heading-title elementor-size-default\">Chambre &amp; Salle de bain<\/h3>\t\t\t\t<\/div>\n\t\t\t\t<div class=\"elementor-element elementor-element-e926afc elementor-widget elementor-widget-text-editor\" data-id=\"e926afc\" data-element_type=\"widget\" data-widget_type=\"text-editor.default\">\n\t\t\t\t\t\t\t\t\t<div id=\"metaslider-id-652\" style=\"width: 100%;\" class=\"ml-slider-3-99-0 metaslider metaslider-flex metaslider-652 ml-slider ms-theme-blend has-dots-nav\" role=\"region\" aria-label=\"Salon &amp; Salle \u00e0 manger\" data-width=\"700\">\n    <div id=\"metaslider_container_652\">\n        <div id=\"metaslider_652\">\n            <ul class='slides'>\n                <li style=\"display: block; width: 100%;\" class=\"slide-653 ms-image \" aria-roledescription=\"slide\" data-date=\"2025-07-14 09:07:23\"><img decoding=\"async\" src=\"https:\/\/lesmegalithes.be\/wp-content\/uploads\/2025\/07\/ChatGPT-Image-6-juil.-2025-09_40_36-700x300.png\" height=\"300\" width=\"700\" alt=\"\" class=\"slider-652 slide-653 msDefaultImage\" title=\"ChatGPT Image 6 juil. 2025, 09_40_36\" \/><\/li>\n                <li style=\"display: none; width: 100%;\" class=\"slide-654 ms-image \" aria-roledescription=\"slide\" data-date=\"2025-07-14 09:07:50\"><img decoding=\"async\" src=\"https:\/\/lesmegalithes.be\/wp-content\/uploads\/2025\/07\/37cd2ba5-806b-4efe-bb77-3a42d38a1ab1-700x300.png\" height=\"300\" width=\"700\" alt=\"\" class=\"slider-652 slide-654 msDefaultImage\" title=\"37cd2ba5-806b-4efe-bb77-3a42d38a1ab1\" \/><\/li>\n            <\/ul>\n        <\/div>\n        \n    <\/div>\n<\/div>\t\t\t\t\t\t\t\t<\/div>\n\t\t\t\t\t<\/div>\n\t\t\t\t<\/div>\n\t\t<div data-particle_enable=\"false\" data-particle-mobile-disabled=\"false\" class=\"elementor-element elementor-element-0e708e6 e-flex e-con-boxed e-con e-parent\" data-id=\"0e708e6\" data-element_type=\"container\">\n\t\t\t\t\t<div class=\"e-con-inner\">\n\t\t\t\t<div class=\"elementor-element elementor-element-7fa7d5b elementor-widget elementor-widget-heading\" data-id=\"7fa7d5b\" data-element_type=\"widget\" data-widget_type=\"heading.default\">\n\t\t\t\t\t<h3 class=\"elementor-heading-title elementor-size-default\">Ext\u00e9rieur<\/h3>\t\t\t\t<\/div>\n\t\t\t\t<div class=\"elementor-element elementor-element-e866db3 elementor-widget elementor-widget-text-editor\" data-id=\"e866db3\" data-element_type=\"widget\" data-widget_type=\"text-editor.default\">\n\t\t\t\t\t\t\t\t\t<div id=\"metaslider-id-652\" style=\"width: 100%;\" class=\"ml-slider-3-99-0 metaslider metaslider-flex metaslider-652 ml-slider ms-theme-blend has-dots-nav\" role=\"region\" aria-label=\"Salon &amp; Salle \u00e0 manger\" data-width=\"700\">\n    <div id=\"metaslider_container_652\">\n        <div id=\"metaslider_652\">\n            <ul class='slides'>\n                <li style=\"display: block; width: 100%;\" class=\"slide-653 ms-image \" aria-roledescription=\"slide\" data-date=\"2025-07-14 09:07:23\"><img decoding=\"async\" src=\"https:\/\/lesmegalithes.be\/wp-content\/uploads\/2025\/07\/ChatGPT-Image-6-juil.-2025-09_40_36-700x300.png\" height=\"300\" width=\"700\" alt=\"\" class=\"slider-652 slide-653 msDefaultImage\" title=\"ChatGPT Image 6 juil. 2025, 09_40_36\" \/><\/li>\n                <li style=\"display: none; width: 100%;\" class=\"slide-654 ms-image \" aria-roledescription=\"slide\" data-date=\"2025-07-14 09:07:50\"><img decoding=\"async\" src=\"https:\/\/lesmegalithes.be\/wp-content\/uploads\/2025\/07\/37cd2ba5-806b-4efe-bb77-3a42d38a1ab1-700x300.png\" height=\"300\" width=\"700\" alt=\"\" class=\"slider-652 slide-654 msDefaultImage\" title=\"37cd2ba5-806b-4efe-bb77-3a42d38a1ab1\" \/><\/li>\n            <\/ul>\n        <\/div>\n        \n    <\/div>\n<\/div>\t\t\t\t\t\t\t\t<\/div>\n\t\t\t\t\t<\/div>\n\t\t\t\t<\/div>\n\t\t\t\t<section data-particle_enable=\"false\" data-particle-mobile-disabled=\"false\" class=\"elementor-section elementor-top-section elementor-element elementor-element-gghqum3 elementor-section-content-top elementor-section-boxed elementor-section-height-default elementor-section-height-default\" data-id=\"gghqum3\" data-element_type=\"section\" data-settings=\"{&quot;background_background&quot;:&quot;classic&quot;}\">\n\t\t\t\t\t\t\t<div class=\"elementor-background-overlay\"><\/div>\n\t\t\t\t\t\t\t<div class=\"elementor-container elementor-column-gap-no\">\n\t\t\t\t\t<div class=\"elementor-column elementor-col-50 elementor-top-column elementor-element elementor-element-18103c4\" data-id=\"18103c4\" data-element_type=\"column\">\n\t\t\t<div class=\"elementor-widget-wrap elementor-element-populated\">\n\t\t\t\t\t\t<div class=\"elementor-element elementor-element-18bba3c elementor-widget elementor-widget-heading\" data-id=\"18bba3c\" data-element_type=\"widget\" data-widget_type=\"heading.default\">\n\t\t\t\t\t<h2 class=\"elementor-heading-title elementor-size-default\">Partez \u00e0 la d\u00e9couverte de la r\u00e9gion de Durbuy<\/h2>\t\t\t\t<\/div>\n\t\t\t\t\t<\/div>\n\t\t<\/div>\n\t\t\t\t<div class=\"elementor-column elementor-col-50 elementor-top-column elementor-element elementor-element-eeba8e2\" data-id=\"eeba8e2\" data-element_type=\"column\">\n\t\t\t<div class=\"elementor-widget-wrap elementor-element-populated\">\n\t\t\t\t\t\t<div class=\"elementor-element elementor-element-b65f008 elementor-widget elementor-widget-text-editor\" data-id=\"b65f008\" data-element_type=\"widget\" data-widget_type=\"text-editor.default\">\n\t\t\t\t\t\t\t\t\t<p>Les M\u00e9galithes sont \u00e9galement le point de d\u00e9part id\u00e9al pour d\u00e9couvrir la r\u00e9gion :\u00a0<strong data-start=\"1499\" data-end=\"1521\">dolmens et menhirs<\/strong>\u00a0de W\u00e9ris, balades en for\u00eat, kayak sur l\u2019Ourthe, march\u00e9 de Durbuy, restaurants typiques\u2026 Autant d\u2019activit\u00e9s \u00e0 vivre \u00e0 votre rythme.<\/p>\t\t\t\t\t\t\t\t<\/div>\n\t\t\t\t<div class=\"elementor-element elementor-element-7b1fd54 elementor-mobile-align-left elementor-widget elementor-widget-button\" data-id=\"7b1fd54\" data-element_type=\"widget\" data-widget_type=\"button.default\">\n\t\t\t\t\t\t\t\t\t\t<a class=\"elementor-button elementor-button-link elementor-size-sm\" href=\"http:\/\/lesmegalithes.be\/index.php\/localisation-activites\/\">\n\t\t\t\t\t\t<span class=\"elementor-button-content-wrapper\">\n\t\t\t\t\t\t\t\t\t<span class=\"elementor-button-text\">Voir les activit\u00e9s<\/span>\n\t\t\t\t\t<\/span>\n\t\t\t\t\t<\/a>\n\t\t\t\t\t\t\t\t<\/div>\n\t\t\t\t\t<\/div>\n\t\t<\/div>\n\t\t\t\t\t<\/div>\n\t\t<\/section>\n\t\t\t\t<\/div>\n\t\t","protected":false},"excerpt":{"rendered":"<p>Home Page Bienvenue aux M\u00e9galithes, votre refuge au c\u0153ur des Ardennes Situ\u00e9 dans le charmant village de W\u00e9ris, class\u00e9 parmi les plus beaux de Wallonie, Les M\u00e9galithes est un g\u00eete haut de gamme qui allie confort moderne et authenticit\u00e9. Construit et d\u00e9cor\u00e9 avec des mat\u00e9riaux nobles \u2013 pierre naturelle, bois massif et finitions raffin\u00e9es \u2013 [&hellip;]<\/p>\n","protected":false},"author":1,"featured_media":0,"parent":0,"menu_order":0,"comment_status":"closed","ping_status":"closed","template":"","meta":{"footnotes":""},"class_list":["post-20","page","type-page","status-publish","hentry"],"blocksy_meta":[],"_links":{"self":[{"href":"https:\/\/lesmegalithes.be\/index.php\/wp-json\/wp\/v2\/pages\/20","targetHints":{"allow":["GET"]}}],"collection":[{"href":"https:\/\/lesmegalithes.be\/index.php\/wp-json\/wp\/v2\/pages"}],"about":[{"href":"https:\/\/lesmegalithes.be\/index.php\/wp-json\/wp\/v2\/types\/page"}],"author":[{"embeddable":true,"href":"https:\/\/lesmegalithes.be\/index.php\/wp-json\/wp\/v2\/users\/1"}],"replies":[{"embeddable":true,"href":"https:\/\/lesmegalithes.be\/index.php\/wp-json\/wp\/v2\/comments?post=20"}],"version-history":[{"count":252,"href":"https:\/\/lesmegalithes.be\/index.php\/wp-json\/wp\/v2\/pages\/20\/revisions"}],"predecessor-version":[{"id":1128,"href":"https:\/\/lesmegalithes.be\/index.php\/wp-json\/wp\/v2\/pages\/20\/revisions\/1128"}],"wp:attachment":[{"href":"https:\/\/lesmegalithes.be\/index.php\/wp-json\/wp\/v2\/media?parent=20"}],"curies":[{"name":"wp","href":"https:\/\/api.w.org\/{rel}","templated":true}]}}