{"id":25,"date":"2025-07-13T15:52:14","date_gmt":"2025-07-13T15:52:14","guid":{"rendered":"https:\/\/lesmegalithes.be\/?page_id=25"},"modified":"2025-08-27T18:27:47","modified_gmt":"2025-08-27T18:27:47","slug":"localisation-activites","status":"publish","type":"page","link":"https:\/\/lesmegalithes.be\/index.php\/localisation-activites\/","title":{"rendered":"Activit\u00e9s &#038; Localisation"},"content":{"rendered":"\t\t<div data-elementor-type=\"wp-page\" data-elementor-id=\"25\" class=\"elementor elementor-25\" data-elementor-post-type=\"page\">\n\t\t\t\t<div data-particle_enable=\"false\" data-particle-mobile-disabled=\"false\" class=\"elementor-element elementor-element-54bb63d e-flex e-con-boxed e-con e-parent\" data-id=\"54bb63d\" data-element_type=\"container\">\n\t\t\t\t\t<div class=\"e-con-inner\">\n\t\t\t\t<div class=\"elementor-element elementor-element-c00ca9d elementor-widget elementor-widget-eael-breadcrumbs\" data-id=\"c00ca9d\" data-element_type=\"widget\" data-widget_type=\"eael-breadcrumbs.default\">\n\t\t\t\t<div class=\"elementor-widget-container\">\n\t\t\t\t\t\t\t<div class=\"eael-breadcrumbs\">\n\t\t\t<div class=\"eael-breadcrumbs__content\"><a href=\"https:\/\/lesmegalithes.be\">Home<\/a> <span class=\"eael-breadcrumb-separator\"><svg aria-hidden=\"true\" class=\"e-font-icon-svg e-fas-angle-right\" viewBox=\"0 0 256 512\" xmlns=\"http:\/\/www.w3.org\/2000\/svg\"><path d=\"M224.3 273l-136 136c-9.4 9.4-24.6 9.4-33.9 0l-22.6-22.6c-9.4-9.4-9.4-24.6 0-33.9l96.4-96.4-96.4-96.4c-9.4-9.4-9.4-24.6 0-33.9L54.3 103c9.4-9.4 24.6-9.4 33.9 0l136 136c9.5 9.4 9.5 24.6.1 34z\"><\/path><\/svg><\/span> <span class = \"eael-current\">Page<\/span><\/div>\t\t<\/div>\n\t\t\t\t\t\t<\/div>\n\t\t\t\t<\/div>\n\t\t\t\t\t<\/div>\n\t\t\t\t<\/div>\n\t\t<div data-particle_enable=\"false\" data-particle-mobile-disabled=\"false\" class=\"elementor-element elementor-element-f6745d2 e-flex e-con-boxed elementor-invisible e-con e-parent\" data-id=\"f6745d2\" data-element_type=\"container\" data-settings=\"{&quot;animation&quot;:&quot;fadeInLeft&quot;}\">\n\t\t\t\t\t<div class=\"e-con-inner\">\n\t\t\t\t<div class=\"elementor-element elementor-element-1cba155 elementor-widget elementor-widget-heading\" data-id=\"1cba155\" data-element_type=\"widget\" data-widget_type=\"heading.default\">\n\t\t\t\t\t<h2 class=\"elementor-heading-title elementor-size-default\">Activit\u00e9s \u00e0 faire dans la r\u00e9gion<\/h2>\t\t\t\t<\/div>\n\t\t\t\t\t<\/div>\n\t\t\t\t<\/div>\n\t\t\t\t<section data-particle_enable=\"false\" data-particle-mobile-disabled=\"false\" class=\"elementor-section elementor-top-section elementor-element elementor-element-dr8i0xn elementor-section-content-top elementor-section-boxed elementor-section-height-default elementor-section-height-default elementor-invisible\" data-id=\"dr8i0xn\" data-element_type=\"section\" data-settings=\"{&quot;background_background&quot;:&quot;classic&quot;,&quot;animation&quot;:&quot;fadeInUp&quot;}\">\n\t\t\t\t\t\t\t<div class=\"elementor-background-overlay\"><\/div>\n\t\t\t\t\t\t\t<div class=\"elementor-container elementor-column-gap-no\">\n\t\t\t\t\t<div class=\"elementor-column elementor-col-33 elementor-top-column elementor-element elementor-element-2fe83d4\" data-id=\"2fe83d4\" data-element_type=\"column\">\n\t\t\t<div class=\"elementor-widget-wrap elementor-element-populated\">\n\t\t\t\t\t\t<div class=\"elementor-element elementor-element-7904552 elementor-widget elementor-widget-image\" data-id=\"7904552\" data-element_type=\"widget\" data-widget_type=\"image.default\">\n\t\t\t\t\t\t\t\t\t\t\t\t\t\t\t<img fetchpriority=\"high\" decoding=\"async\" width=\"1024\" height=\"768\" src=\"https:\/\/lesmegalithes.be\/wp-content\/uploads\/2025\/07\/archaeological_site_Weris_2029.jpg\" class=\"attachment-full size-full wp-image-824\" alt=\"\" srcset=\"https:\/\/lesmegalithes.be\/wp-content\/uploads\/2025\/07\/archaeological_site_Weris_2029.jpg 1024w, https:\/\/lesmegalithes.be\/wp-content\/uploads\/2025\/07\/archaeological_site_Weris_2029-300x225.jpg 300w, https:\/\/lesmegalithes.be\/wp-content\/uploads\/2025\/07\/archaeological_site_Weris_2029-768x576.jpg 768w\" sizes=\"(max-width: 1024px) 100vw, 1024px\" \/>\t\t\t\t\t\t\t\t\t\t\t\t\t\t\t<\/div>\n\t\t\t\t<div class=\"elementor-element elementor-element-dbc52d1 elementor-widget elementor-widget-heading\" data-id=\"dbc52d1\" data-element_type=\"widget\" data-widget_type=\"heading.default\">\n\t\t\t\t\t<h4 class=\"elementor-heading-title elementor-size-default\">Champ m\u00e9galithique de W\u00e9ris<\/h4>\t\t\t\t<\/div>\n\t\t\t\t<div class=\"elementor-element elementor-element-948ae46 elementor-widget elementor-widget-text-editor\" data-id=\"948ae46\" data-element_type=\"widget\" data-widget_type=\"text-editor.default\">\n\t\t\t\t\t\t\t\t\t<p>Le champ m\u00e9galithique de W\u00e9ris est le plus important site m\u00e9galithique de toute la Belgique. Il comprend deux all\u00e9es couvertes avec menhirs associ\u00e9s et six sites constitu\u00e9s uniquement par des menhirs. Ces monuments sont dat\u00e9s du N\u00e9olithique final. Le site rel\u00e8ve du Patrimoine majeur de Wallonie.<\/p>\t\t\t\t\t\t\t\t<\/div>\n\t\t\t\t\t<\/div>\n\t\t<\/div>\n\t\t\t\t<div class=\"elementor-column elementor-col-33 elementor-top-column elementor-element elementor-element-7c492c6\" data-id=\"7c492c6\" data-element_type=\"column\">\n\t\t\t<div class=\"elementor-widget-wrap elementor-element-populated\">\n\t\t\t\t\t\t<div class=\"elementor-element elementor-element-501a0b7 elementor-widget elementor-widget-image\" data-id=\"501a0b7\" data-element_type=\"widget\" data-widget_type=\"image.default\">\n\t\t\t\t\t\t\t\t\t\t\t\t\t\t\t<img decoding=\"async\" width=\"1920\" height=\"1080\" src=\"https:\/\/lesmegalithes.be\/wp-content\/uploads\/2025\/07\/180382741_4000663089982062_88758347730686731_n.jpg\" class=\"attachment-full size-full wp-image-832\" alt=\"\" srcset=\"https:\/\/lesmegalithes.be\/wp-content\/uploads\/2025\/07\/180382741_4000663089982062_88758347730686731_n.jpg 1920w, https:\/\/lesmegalithes.be\/wp-content\/uploads\/2025\/07\/180382741_4000663089982062_88758347730686731_n-300x169.jpg 300w, https:\/\/lesmegalithes.be\/wp-content\/uploads\/2025\/07\/180382741_4000663089982062_88758347730686731_n-1024x576.jpg 1024w, https:\/\/lesmegalithes.be\/wp-content\/uploads\/2025\/07\/180382741_4000663089982062_88758347730686731_n-768x432.jpg 768w, https:\/\/lesmegalithes.be\/wp-content\/uploads\/2025\/07\/180382741_4000663089982062_88758347730686731_n-1536x864.jpg 1536w\" sizes=\"(max-width: 1920px) 100vw, 1920px\" \/>\t\t\t\t\t\t\t\t\t\t\t\t\t\t\t<\/div>\n\t\t\t\t<div class=\"elementor-element elementor-element-81bbcf5 elementor-widget elementor-widget-heading\" data-id=\"81bbcf5\" data-element_type=\"widget\" data-widget_type=\"heading.default\">\n\t\t\t\t\t<h4 class=\"elementor-heading-title elementor-size-default\">Aventure dans le parc Durbuy Adventure Valley<\/h4>\t\t\t\t<\/div>\n\t\t\t\t<div class=\"elementor-element elementor-element-a83a2af elementor-widget elementor-widget-text-editor\" data-id=\"a83a2af\" data-element_type=\"widget\" data-widget_type=\"text-editor.default\">\n\t\t\t\t\t\t\t\t\t<p>Le parc Adventure Valley Durbuy propose une foule d\u2019activit\u00e9s pour toute la famille : parcours accrobranche, filets dans les arbres, tyroliennes, mini-golf, labyrinthe v\u00e9g\u00e9tal, et m\u00eame une plaine de jeux int\u00e9rieure pour les plus petits.\u00a0<\/p>\t\t\t\t\t\t\t\t<\/div>\n\t\t\t\t\t<\/div>\n\t\t<\/div>\n\t\t\t\t<div class=\"elementor-column elementor-col-33 elementor-top-column elementor-element elementor-element-49af9cc\" data-id=\"49af9cc\" data-element_type=\"column\">\n\t\t\t<div class=\"elementor-widget-wrap elementor-element-populated\">\n\t\t\t\t\t\t<div class=\"elementor-element elementor-element-f1d9a42 elementor-widget elementor-widget-image\" data-id=\"f1d9a42\" data-element_type=\"widget\" data-widget_type=\"image.default\">\n\t\t\t\t\t\t\t\t\t\t\t\t\t\t\t<img decoding=\"async\" width=\"1225\" height=\"817\" src=\"https:\/\/lesmegalithes.be\/wp-content\/uploads\/2025\/07\/afvaart-van-de-ourthe-per-kayak-170636.jpg\" class=\"attachment-full size-full wp-image-838\" alt=\"\" srcset=\"https:\/\/lesmegalithes.be\/wp-content\/uploads\/2025\/07\/afvaart-van-de-ourthe-per-kayak-170636.jpg 1225w, https:\/\/lesmegalithes.be\/wp-content\/uploads\/2025\/07\/afvaart-van-de-ourthe-per-kayak-170636-300x200.jpg 300w, https:\/\/lesmegalithes.be\/wp-content\/uploads\/2025\/07\/afvaart-van-de-ourthe-per-kayak-170636-1024x683.jpg 1024w, https:\/\/lesmegalithes.be\/wp-content\/uploads\/2025\/07\/afvaart-van-de-ourthe-per-kayak-170636-768x512.jpg 768w\" sizes=\"(max-width: 1225px) 100vw, 1225px\" \/>\t\t\t\t\t\t\t\t\t\t\t\t\t\t\t<\/div>\n\t\t\t\t<div class=\"elementor-element elementor-element-dd24a6c elementor-widget elementor-widget-heading\" data-id=\"dd24a6c\" data-element_type=\"widget\" data-widget_type=\"heading.default\">\n\t\t\t\t\t<h4 class=\"elementor-heading-title elementor-size-default\">Descente de l\u2019Ourthe en kayak ou en radeau<\/h4>\t\t\t\t<\/div>\n\t\t\t\t<div class=\"elementor-element elementor-element-1d40486 elementor-widget elementor-widget-text-editor\" data-id=\"1d40486\" data-element_type=\"widget\" data-widget_type=\"text-editor.default\">\n\t\t\t\t\t\t\t\t\t<p>Pour une activit\u00e9 rafra\u00eechissante et amusante, optez pour une descente de l\u2019Ourthe en kayak ou en radeau familial. Plusieurs parcours sont propos\u00e9s, adapt\u00e9s aux enfants \u00e0 partir de 5-6 ans. L\u2019occasion de d\u00e9couvrir la r\u00e9gion autrement, entre nature sauvage, petits rapides et pauses d\u00e9tente au fil de l\u2019eau.<\/p>\t\t\t\t\t\t\t\t<\/div>\n\t\t\t\t\t<\/div>\n\t\t<\/div>\n\t\t\t\t\t<\/div>\n\t\t<\/section>\n\t\t\t\t<section data-particle_enable=\"false\" data-particle-mobile-disabled=\"false\" class=\"elementor-section elementor-top-section elementor-element elementor-element-875c9d2 elementor-section-content-top elementor-section-boxed elementor-section-height-default elementor-section-height-default elementor-invisible\" data-id=\"875c9d2\" data-element_type=\"section\" data-settings=\"{&quot;background_background&quot;:&quot;classic&quot;,&quot;animation&quot;:&quot;fadeInUp&quot;}\">\n\t\t\t\t\t\t\t<div class=\"elementor-background-overlay\"><\/div>\n\t\t\t\t\t\t\t<div class=\"elementor-container elementor-column-gap-no\">\n\t\t\t\t\t<div class=\"elementor-column elementor-col-33 elementor-top-column elementor-element elementor-element-b413abe\" data-id=\"b413abe\" data-element_type=\"column\">\n\t\t\t<div class=\"elementor-widget-wrap elementor-element-populated\">\n\t\t\t\t\t\t<div class=\"elementor-element elementor-element-c32a09e elementor-widget elementor-widget-image\" data-id=\"c32a09e\" data-element_type=\"widget\" data-widget_type=\"image.default\">\n\t\t\t\t\t\t\t\t\t\t\t\t\t\t\t<img loading=\"lazy\" decoding=\"async\" width=\"500\" height=\"365\" src=\"https:\/\/lesmegalithes.be\/wp-content\/uploads\/2025\/08\/ardenne-residences-blog-tourisme-activite-randonne-es.webp\" class=\"attachment-full size-full wp-image-1061\" alt=\"\" srcset=\"https:\/\/lesmegalithes.be\/wp-content\/uploads\/2025\/08\/ardenne-residences-blog-tourisme-activite-randonne-es.webp 500w, https:\/\/lesmegalithes.be\/wp-content\/uploads\/2025\/08\/ardenne-residences-blog-tourisme-activite-randonne-es-300x219.webp 300w\" sizes=\"(max-width: 500px) 100vw, 500px\" \/>\t\t\t\t\t\t\t\t\t\t\t\t\t\t\t<\/div>\n\t\t\t\t<div class=\"elementor-element elementor-element-2ba5f2b elementor-widget elementor-widget-heading\" data-id=\"2ba5f2b\" data-element_type=\"widget\" data-widget_type=\"heading.default\">\n\t\t\t\t\t<h4 class=\"elementor-heading-title elementor-size-default\">Randonn\u00e9es entre for\u00eats et villages pittoresques<\/h4>\t\t\t\t<\/div>\n\t\t\t\t<div class=\"elementor-element elementor-element-0c21b9c elementor-widget elementor-widget-text-editor\" data-id=\"0c21b9c\" data-element_type=\"widget\" data-widget_type=\"text-editor.default\">\n\t\t\t\t\t\t\t\t\t<p>Autour de W\u00e9ris, de nombreux sentiers balis\u00e9s invitent \u00e0 explorer les for\u00eats, vall\u00e9es et paysages vallonn\u00e9s des Ardennes. Que vous soyez amateur de promenades tranquilles ou de randonn\u00e9es plus sportives, chaque sortie r\u00e9serve son lot de d\u00e9couvertes et de panoramas.<\/p>\t\t\t\t\t\t\t\t<\/div>\n\t\t\t\t\t<\/div>\n\t\t<\/div>\n\t\t\t\t<div class=\"elementor-column elementor-col-33 elementor-top-column elementor-element elementor-element-2868de1\" data-id=\"2868de1\" data-element_type=\"column\">\n\t\t\t<div class=\"elementor-widget-wrap elementor-element-populated\">\n\t\t\t\t\t\t<div class=\"elementor-element elementor-element-049fa04 elementor-widget elementor-widget-image\" data-id=\"049fa04\" data-element_type=\"widget\" data-widget_type=\"image.default\">\n\t\t\t\t\t\t\t\t\t\t\t\t\t\t\t<img loading=\"lazy\" decoding=\"async\" width=\"2560\" height=\"1707\" src=\"https:\/\/lesmegalithes.be\/wp-content\/uploads\/2025\/08\/IMG_2479-scaled.jpg\" class=\"attachment-full size-full wp-image-1062\" alt=\"\" srcset=\"https:\/\/lesmegalithes.be\/wp-content\/uploads\/2025\/08\/IMG_2479-scaled.jpg 2560w, https:\/\/lesmegalithes.be\/wp-content\/uploads\/2025\/08\/IMG_2479-300x200.jpg 300w, https:\/\/lesmegalithes.be\/wp-content\/uploads\/2025\/08\/IMG_2479-1024x683.jpg 1024w, https:\/\/lesmegalithes.be\/wp-content\/uploads\/2025\/08\/IMG_2479-768x512.jpg 768w, https:\/\/lesmegalithes.be\/wp-content\/uploads\/2025\/08\/IMG_2479-1536x1024.jpg 1536w, https:\/\/lesmegalithes.be\/wp-content\/uploads\/2025\/08\/IMG_2479-2048x1365.jpg 2048w\" sizes=\"(max-width: 2560px) 100vw, 2560px\" \/>\t\t\t\t\t\t\t\t\t\t\t\t\t\t\t<\/div>\n\t\t\t\t<div class=\"elementor-element elementor-element-2dfd460 elementor-widget elementor-widget-heading\" data-id=\"2dfd460\" data-element_type=\"widget\" data-widget_type=\"heading.default\">\n\t\t\t\t\t<h4 class=\"elementor-heading-title elementor-size-default\">Escalade au c\u0153ur des Ardennes<\/h4>\t\t\t\t<\/div>\n\t\t\t\t<div class=\"elementor-element elementor-element-cdda9fc elementor-widget elementor-widget-text-editor\" data-id=\"cdda9fc\" data-element_type=\"widget\" data-widget_type=\"text-editor.default\">\n\t\t\t\t\t\t\t\t\t<p>La r\u00e9gion de Durbuy est un v\u00e9ritable terrain de jeu pour les passionn\u00e9s d\u2019escalade. Entre falaises r\u00e9put\u00e9es et rochers accessibles, chacun peut trouver un parcours adapt\u00e9 \u00e0 son niveau. C\u2019est l\u2019occasion id\u00e9ale de combiner sport, nature et d\u00e9couverte en famille.<\/p>\t\t\t\t\t\t\t\t<\/div>\n\t\t\t\t\t<\/div>\n\t\t<\/div>\n\t\t\t\t<div class=\"elementor-column elementor-col-33 elementor-top-column elementor-element elementor-element-d1eeb4d\" data-id=\"d1eeb4d\" data-element_type=\"column\">\n\t\t\t<div class=\"elementor-widget-wrap elementor-element-populated\">\n\t\t\t\t\t\t<div class=\"elementor-element elementor-element-dc1d4d9 elementor-widget elementor-widget-image\" data-id=\"dc1d4d9\" data-element_type=\"widget\" data-widget_type=\"image.default\">\n\t\t\t\t\t\t\t\t\t\t\t\t\t\t\t<img loading=\"lazy\" decoding=\"async\" width=\"1426\" height=\"750\" src=\"https:\/\/lesmegalithes.be\/wp-content\/uploads\/2025\/08\/Riveo-pechefamille-\u00a9D.Crickillon.jpg\" class=\"attachment-full size-full wp-image-1067\" alt=\"\" srcset=\"https:\/\/lesmegalithes.be\/wp-content\/uploads\/2025\/08\/Riveo-pechefamille-\u00a9D.Crickillon.jpg 1426w, https:\/\/lesmegalithes.be\/wp-content\/uploads\/2025\/08\/Riveo-pechefamille-\u00a9D.Crickillon-300x158.jpg 300w, https:\/\/lesmegalithes.be\/wp-content\/uploads\/2025\/08\/Riveo-pechefamille-\u00a9D.Crickillon-1024x539.jpg 1024w, https:\/\/lesmegalithes.be\/wp-content\/uploads\/2025\/08\/Riveo-pechefamille-\u00a9D.Crickillon-768x404.jpg 768w\" sizes=\"(max-width: 1426px) 100vw, 1426px\" \/>\t\t\t\t\t\t\t\t\t\t\t\t\t\t\t<\/div>\n\t\t\t\t<div class=\"elementor-element elementor-element-fd838be elementor-widget elementor-widget-heading\" data-id=\"fd838be\" data-element_type=\"widget\" data-widget_type=\"heading.default\">\n\t\t\t\t\t<h4 class=\"elementor-heading-title elementor-size-default\">P\u00eache au fil de l\u2019Ourthe<\/h4>\t\t\t\t<\/div>\n\t\t\t\t<div class=\"elementor-element elementor-element-afe10f1 elementor-widget elementor-widget-text-editor\" data-id=\"afe10f1\" data-element_type=\"widget\" data-widget_type=\"text-editor.default\">\n\t\t\t\t\t\t\t\t\t<p>\u00c0 quelques kilom\u00e8tres du g\u00eete, l\u2019Ourthe et ses affluents offrent de superbes coins de p\u00eache. Truites, brochets ou perches attendent les amateurs, qu\u2019ils soient d\u00e9butants ou confirm\u00e9s. Une activit\u00e9 paisible, id\u00e9ale pour partager un moment de d\u00e9tente en famille, les pieds dans l\u2019eau et entour\u00e9s de nature.<\/p>\t\t\t\t\t\t\t\t<\/div>\n\t\t\t\t\t<\/div>\n\t\t<\/div>\n\t\t\t\t\t<\/div>\n\t\t<\/section>\n\t\t\t\t<section data-particle_enable=\"false\" data-particle-mobile-disabled=\"false\" class=\"elementor-section elementor-top-section elementor-element elementor-element-1lvdbmx elementor-section-full_width elementor-section-height-default elementor-section-height-default\" data-id=\"1lvdbmx\" data-element_type=\"section\">\n\t\t\t\t\t\t<div class=\"elementor-container elementor-column-gap-no\">\n\t\t\t\t\t<div class=\"elementor-column elementor-col-100 elementor-top-column elementor-element elementor-element-9f7917c\" data-id=\"9f7917c\" data-element_type=\"column\">\n\t\t\t<div class=\"elementor-widget-wrap elementor-element-populated\">\n\t\t\t\t\t\t<section data-particle_enable=\"false\" data-particle-mobile-disabled=\"false\" class=\"elementor-section elementor-inner-section elementor-element elementor-element-c896502 elementor-section-boxed elementor-section-height-default elementor-section-height-default elementor-invisible\" data-id=\"c896502\" data-element_type=\"section\" data-settings=\"{&quot;animation&quot;:&quot;fadeInUp&quot;}\">\n\t\t\t\t\t\t<div class=\"elementor-container elementor-column-gap-no\">\n\t\t\t\t\t<div class=\"elementor-column elementor-col-66 elementor-inner-column elementor-element elementor-element-945acd8\" data-id=\"945acd8\" data-element_type=\"column\">\n\t\t\t<div class=\"elementor-widget-wrap elementor-element-populated\">\n\t\t\t\t\t\t<div class=\"elementor-element elementor-element-bbd0a1c elementor-widget elementor-widget-heading\" data-id=\"bbd0a1c\" data-element_type=\"widget\" data-widget_type=\"heading.default\">\n\t\t\t\t\t<h2 class=\"elementor-heading-title elementor-size-default\">Localisation<\/h2>\t\t\t\t<\/div>\n\t\t\t\t<div class=\"elementor-element elementor-element-737b74b elementor-widget elementor-widget-text-editor\" data-id=\"737b74b\" data-element_type=\"widget\" data-widget_type=\"text-editor.default\">\n\t\t\t\t\t\t\t\t\t<p>Id\u00e9alement situ\u00e9 \u00e0 W\u00e9ris, l\u2019un des plus beaux villages de Wallonie, Les M\u00e9galithes vous accueille dans un environnement naturel pr\u00e9serv\u00e9, \u00e0 seulement quelques minutes de Durbuy. Entre dolmens myst\u00e9rieux, sentiers forestiers et ruelles pleines de charme, la r\u00e9gion est parfaite pour les amoureux de nature, d\u2019histoire et de gastronomie locale. Un lieu authentique, o\u00f9 d\u00e9tente et d\u00e9couverte vont de pair.<\/p>\t\t\t\t\t\t\t\t<\/div>\n\t\t\t\t\t<\/div>\n\t\t<\/div>\n\t\t\t\t<div class=\"elementor-column elementor-col-33 elementor-inner-column elementor-element elementor-element-5ab34d2\" data-id=\"5ab34d2\" data-element_type=\"column\">\n\t\t\t<div class=\"elementor-widget-wrap elementor-element-populated\">\n\t\t\t\t\t\t<div class=\"elementor-element elementor-element-91b10a7 elementor-widget elementor-widget-heading\" data-id=\"91b10a7\" data-element_type=\"widget\" data-widget_type=\"heading.default\">\n\t\t\t\t\t<h3 class=\"elementor-heading-title elementor-size-default\">Coordonn\u00e9es<\/h3>\t\t\t\t<\/div>\n\t\t\t\t<div class=\"elementor-element elementor-element-c01a6ec elementor-widget elementor-widget-text-editor\" data-id=\"c01a6ec\" data-element_type=\"widget\" data-widget_type=\"text-editor.default\">\n\t\t\t\t\t\t\t\t\t<p>Rue des dolmens 16a<br \/>6940 W\u00e9ris (Durbuy)<br \/>Belgique<\/p><p>email : info@lesmegalithes.be<br \/>n\u00b0 t\u00e9l\u00e9phone : +32 475 270 654<\/p>\t\t\t\t\t\t\t\t<\/div>\n\t\t\t\t\t<\/div>\n\t\t<\/div>\n\t\t\t\t\t<\/div>\n\t\t<\/section>\n\t\t\t\t<div class=\"elementor-element elementor-element-24e8854 elementor-widget elementor-widget-google_maps\" data-id=\"24e8854\" data-element_type=\"widget\" data-widget_type=\"google_maps.default\">\n\t\t\t\t\t\t\t<div class=\"elementor-custom-embed\">\n\t\t\t<iframe loading=\"lazy\"\n\t\t\t\t\tsrc=\"https:\/\/maps.google.com\/maps?q=16A%20rue%20des%20dolmens&#038;t=m&#038;z=16&#038;output=embed&#038;iwloc=near\"\n\t\t\t\t\ttitle=\"16A rue des dolmens\"\n\t\t\t\t\taria-label=\"16A rue des dolmens\"\n\t\t\t><\/iframe>\n\t\t<\/div>\n\t\t\t\t\t\t<\/div>\n\t\t\t\t\t<\/div>\n\t\t<\/div>\n\t\t\t\t\t<\/div>\n\t\t<\/section>\n\t\t\t\t<\/div>\n\t\t","protected":false},"excerpt":{"rendered":"<p>Home Page Activit\u00e9s \u00e0 faire dans la r\u00e9gion Champ m\u00e9galithique de W\u00e9ris Le champ m\u00e9galithique de W\u00e9ris est le plus important site m\u00e9galithique de toute la Belgique. Il comprend deux all\u00e9es couvertes avec menhirs associ\u00e9s et six sites constitu\u00e9s uniquement par des menhirs. Ces monuments sont dat\u00e9s du N\u00e9olithique final. Le site rel\u00e8ve du Patrimoine [&hellip;]<\/p>\n","protected":false},"author":1,"featured_media":0,"parent":0,"menu_order":0,"comment_status":"closed","ping_status":"closed","template":"","meta":{"footnotes":""},"class_list":["post-25","page","type-page","status-publish","hentry"],"blocksy_meta":[],"_links":{"self":[{"href":"https:\/\/lesmegalithes.be\/index.php\/wp-json\/wp\/v2\/pages\/25","targetHints":{"allow":["GET"]}}],"collection":[{"href":"https:\/\/lesmegalithes.be\/index.php\/wp-json\/wp\/v2\/pages"}],"about":[{"href":"https:\/\/lesmegalithes.be\/index.php\/wp-json\/wp\/v2\/types\/page"}],"author":[{"embeddable":true,"href":"https:\/\/lesmegalithes.be\/index.php\/wp-json\/wp\/v2\/users\/1"}],"replies":[{"embeddable":true,"href":"https:\/\/lesmegalithes.be\/index.php\/wp-json\/wp\/v2\/comments?post=25"}],"version-history":[{"count":105,"href":"https:\/\/lesmegalithes.be\/index.php\/wp-json\/wp\/v2\/pages\/25\/revisions"}],"predecessor-version":[{"id":1131,"href":"https:\/\/lesmegalithes.be\/index.php\/wp-json\/wp\/v2\/pages\/25\/revisions\/1131"}],"wp:attachment":[{"href":"https:\/\/lesmegalithes.be\/index.php\/wp-json\/wp\/v2\/media?parent=25"}],"curies":[{"name":"wp","href":"https:\/\/api.w.org\/{rel}","templated":true}]}}