{"id":31,"date":"2025-07-13T15:52:40","date_gmt":"2025-07-13T15:52:40","guid":{"rendered":"https:\/\/lesmegalithes.be\/?page_id=31"},"modified":"2025-08-27T18:31:11","modified_gmt":"2025-08-27T18:31:11","slug":"services","status":"publish","type":"page","link":"https:\/\/lesmegalithes.be\/index.php\/services\/","title":{"rendered":"Services"},"content":{"rendered":"\t\t<div data-elementor-type=\"wp-page\" data-elementor-id=\"31\" class=\"elementor elementor-31\" data-elementor-post-type=\"page\">\n\t\t\t\t<div data-particle_enable=\"false\" data-particle-mobile-disabled=\"false\" class=\"elementor-element elementor-element-ff31059 e-flex e-con-boxed e-con e-parent\" data-id=\"ff31059\" data-element_type=\"container\">\n\t\t\t\t\t<div class=\"e-con-inner\">\n\t\t\t\t<div class=\"elementor-element elementor-element-cae677e elementor-widget elementor-widget-eael-breadcrumbs\" data-id=\"cae677e\" data-element_type=\"widget\" data-widget_type=\"eael-breadcrumbs.default\">\n\t\t\t\t<div class=\"elementor-widget-container\">\n\t\t\t\t\t\t\t<div class=\"eael-breadcrumbs\">\n\t\t\t<div class=\"eael-breadcrumbs__content\"><a href=\"https:\/\/lesmegalithes.be\">Home<\/a> <span class=\"eael-breadcrumb-separator\"><svg aria-hidden=\"true\" class=\"e-font-icon-svg e-fas-angle-right\" viewBox=\"0 0 256 512\" xmlns=\"http:\/\/www.w3.org\/2000\/svg\"><path d=\"M224.3 273l-136 136c-9.4 9.4-24.6 9.4-33.9 0l-22.6-22.6c-9.4-9.4-9.4-24.6 0-33.9l96.4-96.4-96.4-96.4c-9.4-9.4-9.4-24.6 0-33.9L54.3 103c9.4-9.4 24.6-9.4 33.9 0l136 136c9.5 9.4 9.5 24.6.1 34z\"><\/path><\/svg><\/span> <span class = \"eael-current\">Page<\/span><\/div>\t\t<\/div>\n\t\t\t\t\t\t<\/div>\n\t\t\t\t<\/div>\n\t\t\t\t\t<\/div>\n\t\t\t\t<\/div>\n\t\t<div data-particle_enable=\"false\" data-particle-mobile-disabled=\"false\" class=\"elementor-element elementor-element-04bf0b7 e-flex e-con-boxed elementor-invisible e-con e-parent\" data-id=\"04bf0b7\" data-element_type=\"container\" data-settings=\"{&quot;animation&quot;:&quot;fadeInLeft&quot;}\">\n\t\t\t\t\t<div class=\"e-con-inner\">\n\t\t\t\t<div class=\"elementor-element elementor-element-79e493f elementor-widget elementor-widget-heading\" data-id=\"79e493f\" data-element_type=\"widget\" data-widget_type=\"heading.default\">\n\t\t\t\t\t<h2 class=\"elementor-heading-title elementor-size-default\">Des services pens\u00e9s pour votre confort<\/h2>\t\t\t\t<\/div>\n\t\t\t\t\t<\/div>\n\t\t\t\t<\/div>\n\t\t\t\t<section data-particle_enable=\"false\" data-particle-mobile-disabled=\"false\" class=\"elementor-section elementor-top-section elementor-element elementor-element-921f555 elementor-section-boxed elementor-section-height-default elementor-section-height-default\" data-id=\"921f555\" data-element_type=\"section\" data-settings=\"{&quot;background_background&quot;:&quot;classic&quot;}\">\n\t\t\t\t\t\t<div class=\"elementor-container elementor-column-gap-default\">\n\t\t\t\t\t<div class=\"elementor-column elementor-col-50 elementor-top-column elementor-element elementor-element-6c52f77\" data-id=\"6c52f77\" data-element_type=\"column\">\n\t\t\t<div class=\"elementor-widget-wrap elementor-element-populated\">\n\t\t\t\t\t\t<div class=\"elementor-element elementor-element-1a380de elementor-invisible elementor-widget elementor-widget-text-editor\" data-id=\"1a380de\" data-element_type=\"widget\" data-settings=\"{&quot;_animation&quot;:&quot;fadeInLeft&quot;}\" data-widget_type=\"text-editor.default\">\n\t\t\t\t\t\t\t\t\t<p>Aux <strong data-start=\"213\" data-end=\"227\">M\u00e9galithes<\/strong>, nous mettons tout en \u0153uvre pour que votre s\u00e9jour soit synonyme de simplicit\u00e9 et de d\u00e9tente. D\u00e8s votre arriv\u00e9e, profitez de services inclus qui vous permettent de voyager l\u00e9ger et de savourer pleinement votre escapade. Pour encore plus de confort, vous pouvez \u00e9galement choisir parmi plusieurs options additionnelles qui rendront votre exp\u00e9rience unique.<\/p>\t\t\t\t\t\t\t\t<\/div>\n\t\t\t\t<div class=\"elementor-element elementor-element-a350d9e elementor-invisible elementor-widget elementor-widget-image\" data-id=\"a350d9e\" data-element_type=\"widget\" data-settings=\"{&quot;_animation&quot;:&quot;fadeInLeft&quot;}\" data-widget_type=\"image.default\">\n\t\t\t\t\t\t\t\t\t\t\t\t\t\t\t<img fetchpriority=\"high\" decoding=\"async\" width=\"1024\" height=\"768\" src=\"https:\/\/lesmegalithes.be\/wp-content\/uploads\/2025\/07\/archaeological_site_Weris_2029.jpg\" class=\"attachment-large size-large wp-image-824\" alt=\"\" srcset=\"https:\/\/lesmegalithes.be\/wp-content\/uploads\/2025\/07\/archaeological_site_Weris_2029.jpg 1024w, https:\/\/lesmegalithes.be\/wp-content\/uploads\/2025\/07\/archaeological_site_Weris_2029-300x225.jpg 300w, https:\/\/lesmegalithes.be\/wp-content\/uploads\/2025\/07\/archaeological_site_Weris_2029-768x576.jpg 768w\" sizes=\"(max-width: 1024px) 100vw, 1024px\" \/>\t\t\t\t\t\t\t\t\t\t\t\t\t\t\t<\/div>\n\t\t\t\t\t<\/div>\n\t\t<\/div>\n\t\t\t\t<div class=\"elementor-column elementor-col-50 elementor-top-column elementor-element elementor-element-4a07187 elementor-invisible\" data-id=\"4a07187\" data-element_type=\"column\" data-settings=\"{&quot;animation&quot;:&quot;fadeInRight&quot;}\">\n\t\t\t<div class=\"elementor-widget-wrap elementor-element-populated\">\n\t\t\t\t\t\t<div class=\"elementor-element elementor-element-017c867 elementor-widget elementor-widget-heading\" data-id=\"017c867\" data-element_type=\"widget\" data-widget_type=\"heading.default\">\n\t\t\t\t\t<h3 class=\"elementor-heading-title elementor-size-default\">Services inclus<\/h3>\t\t\t\t<\/div>\n\t\t\t\t<div class=\"elementor-element elementor-element-cae9091 elementor-widget elementor-widget-text-editor\" data-id=\"cae9091\" data-element_type=\"widget\" data-widget_type=\"text-editor.default\">\n\t\t\t\t\t\t\t\t\t<ul><li data-start=\"621\" data-end=\"700\"><strong data-start=\"621\" data-end=\"642\">Check-in autonome<\/strong> : arrivez en toute libert\u00e9, \u00e0 l\u2019heure qui vous convient<\/li><li data-start=\"701\" data-end=\"780\"><p data-start=\"703\" data-end=\"780\"><strong data-start=\"703\" data-end=\"744\">Linge de lit et linge de bain fournis<\/strong> : tout est pr\u00eat d\u00e8s votre arriv\u00e9e<\/p><\/li><li data-start=\"781\" data-end=\"835\"><p data-start=\"783\" data-end=\"835\"><strong data-start=\"783\" data-end=\"797\">Lave-linge<\/strong> : id\u00e9al pour les s\u00e9jours plus longs<\/p><\/li><li data-start=\"836\" data-end=\"910\"><p data-start=\"838\" data-end=\"910\"><strong data-start=\"838\" data-end=\"858\">Nettoyage inclus<\/strong> : partez l\u2019esprit tranquille, on s\u2019occupe de tout<\/p><\/li><\/ul>\t\t\t\t\t\t\t\t<\/div>\n\t\t\t\t<div class=\"elementor-element elementor-element-78fbb5a elementor-widget elementor-widget-heading\" data-id=\"78fbb5a\" data-element_type=\"widget\" data-widget_type=\"heading.default\">\n\t\t\t\t\t<h3 class=\"elementor-heading-title elementor-size-default\">Services additionnels (sur demande)<\/h3>\t\t\t\t<\/div>\n\t\t\t\t<div class=\"elementor-element elementor-element-902d6a8 elementor-widget elementor-widget-text-editor\" data-id=\"902d6a8\" data-element_type=\"widget\" data-widget_type=\"text-editor.default\">\n\t\t\t\t\t\t\t\t\t<ul><li data-start=\"965\" data-end=\"1043\"><p data-start=\"967\" data-end=\"1043\"><strong data-start=\"967\" data-end=\"985\">Petit-d\u00e9jeuner<\/strong> : d\u00e9marrez la journ\u00e9e avec un repas gourmand et complet<\/p><\/li><li data-start=\"1044\" data-end=\"1118\"><p data-start=\"1046\" data-end=\"1118\"><strong data-start=\"1046\" data-end=\"1068\">Bornes \u00e9lectriques<\/strong> : rechargez facilement votre v\u00e9hicule sur place<\/p><\/li><li data-start=\"1119\" data-end=\"1196\"><p data-start=\"1121\" data-end=\"1196\"><strong data-start=\"1121\" data-end=\"1142\">Bouteilles de vin<\/strong> : une s\u00e9lection locale pour vos soir\u00e9es conviviales<\/p><\/li><li data-start=\"1197\" data-end=\"1271\"><p data-start=\"1199\" data-end=\"1271\"><strong data-start=\"1199\" data-end=\"1225\">Commande de nourriture<\/strong> : simplifiez vos repas sans quitter le g\u00eete<\/p><\/li><\/ul>\t\t\t\t\t\t\t\t<\/div>\n\t\t\t\t\t<\/div>\n\t\t<\/div>\n\t\t\t\t\t<\/div>\n\t\t<\/section>\n\t\t\t\t<\/div>\n\t\t","protected":false},"excerpt":{"rendered":"<p>Home Page Des services pens\u00e9s pour votre confort Aux M\u00e9galithes, nous mettons tout en \u0153uvre pour que votre s\u00e9jour soit synonyme de simplicit\u00e9 et de d\u00e9tente. D\u00e8s votre arriv\u00e9e, profitez de services inclus qui vous permettent de voyager l\u00e9ger et de savourer pleinement votre escapade. Pour encore plus de confort, vous pouvez \u00e9galement choisir parmi [&hellip;]<\/p>\n","protected":false},"author":1,"featured_media":0,"parent":0,"menu_order":0,"comment_status":"closed","ping_status":"closed","template":"","meta":{"footnotes":""},"class_list":["post-31","page","type-page","status-publish","hentry"],"blocksy_meta":[],"_links":{"self":[{"href":"https:\/\/lesmegalithes.be\/index.php\/wp-json\/wp\/v2\/pages\/31","targetHints":{"allow":["GET"]}}],"collection":[{"href":"https:\/\/lesmegalithes.be\/index.php\/wp-json\/wp\/v2\/pages"}],"about":[{"href":"https:\/\/lesmegalithes.be\/index.php\/wp-json\/wp\/v2\/types\/page"}],"author":[{"embeddable":true,"href":"https:\/\/lesmegalithes.be\/index.php\/wp-json\/wp\/v2\/users\/1"}],"replies":[{"embeddable":true,"href":"https:\/\/lesmegalithes.be\/index.php\/wp-json\/wp\/v2\/comments?post=31"}],"version-history":[{"count":32,"href":"https:\/\/lesmegalithes.be\/index.php\/wp-json\/wp\/v2\/pages\/31\/revisions"}],"predecessor-version":[{"id":1137,"href":"https:\/\/lesmegalithes.be\/index.php\/wp-json\/wp\/v2\/pages\/31\/revisions\/1137"}],"wp:attachment":[{"href":"https:\/\/lesmegalithes.be\/index.php\/wp-json\/wp\/v2\/media?parent=31"}],"curies":[{"name":"wp","href":"https:\/\/api.w.org\/{rel}","templated":true}]}}