{"id":8,"date":"2025-07-13T15:52:20","date_gmt":"2025-07-13T15:52:20","guid":{"rendered":"https:\/\/lesmegalithes.be\/?page_id=8"},"modified":"2025-09-21T08:38:58","modified_gmt":"2025-09-21T08:38:58","slug":"accueil","status":"publish","type":"page","link":"https:\/\/lesmegalithes.be\/","title":{"rendered":"Accueil"},"content":{"rendered":"\t\t<div data-elementor-type=\"wp-post\" data-elementor-id=\"8\" class=\"elementor elementor-8\" data-elementor-post-type=\"page\">\n\t\t\t\t<div data-particle_enable=\"false\" data-particle-mobile-disabled=\"false\" class=\"elementor-element elementor-element-dfcd10c e-flex e-con-boxed e-con e-parent\" data-id=\"dfcd10c\" data-element_type=\"container\" data-settings=\"{&quot;background_background&quot;:&quot;slideshow&quot;,&quot;background_slideshow_gallery&quot;:[{&quot;id&quot;:72,&quot;url&quot;:&quot;http:\\\/\\\/lesmegalithes.be\\\/wp-content\\\/uploads\\\/2025\\\/07\\\/37cd2ba5-806b-4efe-bb77-3a42d38a1ab1.png&quot;}],&quot;background_slideshow_loop&quot;:&quot;yes&quot;,&quot;background_slideshow_slide_duration&quot;:5000,&quot;background_slideshow_slide_transition&quot;:&quot;fade&quot;,&quot;background_slideshow_transition_duration&quot;:500}\">\n\t\t\t\t\t<div class=\"e-con-inner\">\n\t\t<div data-particle_enable=\"false\" data-particle-mobile-disabled=\"false\" class=\"elementor-element elementor-element-5930fae e-con-full e-flex e-con e-child\" data-id=\"5930fae\" data-element_type=\"container\">\n\t\t\t\t<div class=\"elementor-element elementor-element-dea3382 elementor-invisible elementor-widget elementor-widget-heading\" data-id=\"dea3382\" data-element_type=\"widget\" data-settings=\"{&quot;_animation&quot;:&quot;fadeInUp&quot;}\" data-widget_type=\"heading.default\">\n\t\t\t\t\t<h1 class=\"elementor-heading-title elementor-size-default\">Les M\u00e9galithes, votre g\u00eete au c\u0153ur de la nature belge<\/h1>\t\t\t\t<\/div>\n\t\t\t\t<div class=\"elementor-element elementor-element-ca21866 elementor-invisible elementor-widget elementor-widget-heading\" data-id=\"ca21866\" data-element_type=\"widget\" data-settings=\"{&quot;_animation&quot;:&quot;fadeInUp&quot;}\" data-widget_type=\"heading.default\">\n\t\t\t\t\t<h2 class=\"elementor-heading-title elementor-size-default\">Un g\u00eete chaleureux et tout confort, nich\u00e9 dans la r\u00e9gion de Durbuy, pour vos escapades en famille, entre amis ou en amoureux.<\/h2>\t\t\t\t<\/div>\n\t\t\t\t<div class=\"elementor-element elementor-element-4eb7950 elementor-align-center elementor-invisible elementor-widget elementor-widget-button\" data-id=\"4eb7950\" data-element_type=\"widget\" data-settings=\"{&quot;_animation&quot;:&quot;fadeInUp&quot;}\" data-widget_type=\"button.default\">\n\t\t\t\t\t\t\t\t\t\t<a class=\"elementor-button elementor-button-link elementor-size-sm\" href=\"https:\/\/lesmegalithes.be\/index.php\/reservation\/\">\n\t\t\t\t\t\t<span class=\"elementor-button-content-wrapper\">\n\t\t\t\t\t\t\t\t\t<span class=\"elementor-button-text\">R\u00e9server<\/span>\n\t\t\t\t\t<\/span>\n\t\t\t\t\t<\/a>\n\t\t\t\t\t\t\t\t<\/div>\n\t\t\t\t<\/div>\n\t\t\t\t\t<\/div>\n\t\t\t\t<\/div>\n\t\t<div data-particle_enable=\"false\" data-particle-mobile-disabled=\"false\" class=\"elementor-element elementor-element-2aea91b e-grid e-con-boxed elementor-invisible e-con e-parent\" data-id=\"2aea91b\" data-element_type=\"container\" data-settings=\"{&quot;animation&quot;:&quot;fadeInUp&quot;}\">\n\t\t\t\t\t<div class=\"e-con-inner\">\n\t\t<div data-particle_enable=\"false\" data-particle-mobile-disabled=\"false\" class=\"elementor-element elementor-element-b06728a e-con-full e-flex e-con e-child\" data-id=\"b06728a\" data-element_type=\"container\" data-settings=\"{&quot;background_background&quot;:&quot;classic&quot;}\">\n\t\t\t\t<div class=\"elementor-element elementor-element-8ed9e4e elementor-view-default elementor-widget elementor-widget-icon\" data-id=\"8ed9e4e\" data-element_type=\"widget\" data-widget_type=\"icon.default\">\n\t\t\t\t\t\t\t<div class=\"elementor-icon-wrapper\">\n\t\t\t<div class=\"elementor-icon\">\n\t\t\t<i aria-hidden=\"true\" class=\"xi xi-landmark\"><\/i>\t\t\t<\/div>\n\t\t<\/div>\n\t\t\t\t\t\t<\/div>\n\t\t\t\t<div class=\"elementor-element elementor-element-411dc2f elementor-widget elementor-widget-heading\" data-id=\"411dc2f\" data-element_type=\"widget\" data-widget_type=\"heading.default\">\n\t\t\t\t\t<h4 class=\"elementor-heading-title elementor-size-default\">W\u00e9ris (Durbuy)<\/h4>\t\t\t\t<\/div>\n\t\t\t\t<\/div>\n\t\t<div data-particle_enable=\"false\" data-particle-mobile-disabled=\"false\" class=\"elementor-element elementor-element-4d7da1e e-con-full e-flex e-con e-child\" data-id=\"4d7da1e\" data-element_type=\"container\" data-settings=\"{&quot;background_background&quot;:&quot;classic&quot;}\">\n\t\t\t\t<div class=\"elementor-element elementor-element-837622d elementor-view-default elementor-widget elementor-widget-icon\" data-id=\"837622d\" data-element_type=\"widget\" data-widget_type=\"icon.default\">\n\t\t\t\t\t\t\t<div class=\"elementor-icon-wrapper\">\n\t\t\t<div class=\"elementor-icon\">\n\t\t\t<i aria-hidden=\"true\" class=\"xi xi-accounts\"><\/i>\t\t\t<\/div>\n\t\t<\/div>\n\t\t\t\t\t\t<\/div>\n\t\t\t\t<div class=\"elementor-element elementor-element-540f108 elementor-widget elementor-widget-heading\" data-id=\"540f108\" data-element_type=\"widget\" data-widget_type=\"heading.default\">\n\t\t\t\t\t<h4 class=\"elementor-heading-title elementor-size-default\">H\u00e9bergement  pour 8 personnes<\/h4>\t\t\t\t<\/div>\n\t\t\t\t<\/div>\n\t\t<div data-particle_enable=\"false\" data-particle-mobile-disabled=\"false\" class=\"elementor-element elementor-element-4bbb9a0 e-con-full e-flex e-con e-child\" data-id=\"4bbb9a0\" data-element_type=\"container\" data-settings=\"{&quot;background_background&quot;:&quot;classic&quot;}\">\n\t\t\t\t<div class=\"elementor-element elementor-element-57dea39 elementor-view-default elementor-widget elementor-widget-icon\" data-id=\"57dea39\" data-element_type=\"widget\" data-widget_type=\"icon.default\">\n\t\t\t\t\t\t\t<div class=\"elementor-icon-wrapper\">\n\t\t\t<div class=\"elementor-icon\">\n\t\t\t<i aria-hidden=\"true\" class=\"xi xi-bed\"><\/i>\t\t\t<\/div>\n\t\t<\/div>\n\t\t\t\t\t\t<\/div>\n\t\t\t\t<div class=\"elementor-element elementor-element-2a07186 elementor-widget elementor-widget-heading\" data-id=\"2a07186\" data-element_type=\"widget\" data-widget_type=\"heading.default\">\n\t\t\t\t\t<h4 class=\"elementor-heading-title elementor-size-default\">4 chambres<\/h4>\t\t\t\t<\/div>\n\t\t\t\t<\/div>\n\t\t<div data-particle_enable=\"false\" data-particle-mobile-disabled=\"false\" class=\"elementor-element elementor-element-f61a58e e-con-full e-flex e-con e-child\" data-id=\"f61a58e\" data-element_type=\"container\" data-settings=\"{&quot;background_background&quot;:&quot;classic&quot;}\">\n\t\t\t\t<div class=\"elementor-element elementor-element-30446d9 elementor-view-default elementor-widget elementor-widget-icon\" data-id=\"30446d9\" data-element_type=\"widget\" data-widget_type=\"icon.default\">\n\t\t\t\t\t\t\t<div class=\"elementor-icon-wrapper\">\n\t\t\t<div class=\"elementor-icon\">\n\t\t\t<i aria-hidden=\"true\" class=\"xi xi-dial-pad\"><\/i>\t\t\t<\/div>\n\t\t<\/div>\n\t\t\t\t\t\t<\/div>\n\t\t\t\t<div class=\"elementor-element elementor-element-52b0632 elementor-widget elementor-widget-heading\" data-id=\"52b0632\" data-element_type=\"widget\" data-widget_type=\"heading.default\">\n\t\t\t\t\t<h4 class=\"elementor-heading-title elementor-size-default\">2 salles de bain<\/h4>\t\t\t\t<\/div>\n\t\t\t\t<\/div>\n\t\t<div data-particle_enable=\"false\" data-particle-mobile-disabled=\"false\" class=\"elementor-element elementor-element-15bedf2 e-con-full e-flex e-con e-child\" data-id=\"15bedf2\" data-element_type=\"container\" data-settings=\"{&quot;background_background&quot;:&quot;classic&quot;}\">\n\t\t\t\t<div class=\"elementor-element elementor-element-eb271e3 elementor-view-default elementor-widget elementor-widget-icon\" data-id=\"eb271e3\" data-element_type=\"widget\" data-widget_type=\"icon.default\">\n\t\t\t\t\t\t\t<div class=\"elementor-icon-wrapper\">\n\t\t\t<div class=\"elementor-icon\">\n\t\t\t<i aria-hidden=\"true\" class=\"xi xi-food-2\"><\/i>\t\t\t<\/div>\n\t\t<\/div>\n\t\t\t\t\t\t<\/div>\n\t\t\t\t<div class=\"elementor-element elementor-element-53d4875 elementor-widget elementor-widget-heading\" data-id=\"53d4875\" data-element_type=\"widget\" data-widget_type=\"heading.default\">\n\t\t\t\t\t<h4 class=\"elementor-heading-title elementor-size-default\">Cuisine \u00e9quip\u00e9e<\/h4>\t\t\t\t<\/div>\n\t\t\t\t<\/div>\n\t\t<div data-particle_enable=\"false\" data-particle-mobile-disabled=\"false\" class=\"elementor-element elementor-element-9aad1f9 e-con-full e-flex e-con e-child\" data-id=\"9aad1f9\" data-element_type=\"container\" data-settings=\"{&quot;background_background&quot;:&quot;classic&quot;}\">\n\t\t\t\t<div class=\"elementor-element elementor-element-7f81c46 elementor-view-default elementor-widget elementor-widget-icon\" data-id=\"7f81c46\" data-element_type=\"widget\" data-widget_type=\"icon.default\">\n\t\t\t\t\t\t\t<div class=\"elementor-icon-wrapper\">\n\t\t\t<div class=\"elementor-icon\">\n\t\t\t<i aria-hidden=\"true\" class=\"xi xi-cast\"><\/i>\t\t\t<\/div>\n\t\t<\/div>\n\t\t\t\t\t\t<\/div>\n\t\t\t\t<div class=\"elementor-element elementor-element-57c36d6 elementor-widget elementor-widget-heading\" data-id=\"57c36d6\" data-element_type=\"widget\" data-widget_type=\"heading.default\">\n\t\t\t\t\t<h4 class=\"elementor-heading-title elementor-size-default\">Wifi &amp; TV<\/h4>\t\t\t\t<\/div>\n\t\t\t\t<\/div>\n\t\t<div data-particle_enable=\"false\" data-particle-mobile-disabled=\"false\" class=\"elementor-element elementor-element-19b8a4c e-con-full e-flex e-con e-child\" data-id=\"19b8a4c\" data-element_type=\"container\" data-settings=\"{&quot;background_background&quot;:&quot;classic&quot;}\">\n\t\t\t\t<div class=\"elementor-element elementor-element-7a0c5ab elementor-view-default elementor-widget elementor-widget-icon\" data-id=\"7a0c5ab\" data-element_type=\"widget\" data-widget_type=\"icon.default\">\n\t\t\t\t\t\t\t<div class=\"elementor-icon-wrapper\">\n\t\t\t<div class=\"elementor-icon\">\n\t\t\t<i aria-hidden=\"true\" class=\"xi xi-light-mode\"><\/i>\t\t\t<\/div>\n\t\t<\/div>\n\t\t\t\t\t\t<\/div>\n\t\t\t\t<div class=\"elementor-element elementor-element-0f3fa0d elementor-widget elementor-widget-heading\" data-id=\"0f3fa0d\" data-element_type=\"widget\" data-widget_type=\"heading.default\">\n\t\t\t\t\t<h4 class=\"elementor-heading-title elementor-size-default\">piscine ext\u00e9rieure<\/h4>\t\t\t\t<\/div>\n\t\t\t\t<\/div>\n\t\t<div data-particle_enable=\"false\" data-particle-mobile-disabled=\"false\" class=\"elementor-element elementor-element-224fb08 e-con-full e-flex e-con e-child\" data-id=\"224fb08\" data-element_type=\"container\" data-settings=\"{&quot;background_background&quot;:&quot;classic&quot;}\">\n\t\t\t\t<div class=\"elementor-element elementor-element-bf856d5 elementor-view-default elementor-widget elementor-widget-icon\" data-id=\"bf856d5\" data-element_type=\"widget\" data-widget_type=\"icon.default\">\n\t\t\t\t\t\t\t<div class=\"elementor-icon-wrapper\">\n\t\t\t<div class=\"elementor-icon\">\n\t\t\t<i aria-hidden=\"true\" class=\"xi xi-circles\"><\/i>\t\t\t<\/div>\n\t\t<\/div>\n\t\t\t\t\t\t<\/div>\n\t\t\t\t<div class=\"elementor-element elementor-element-3162395 elementor-widget elementor-widget-heading\" data-id=\"3162395\" data-element_type=\"widget\" data-widget_type=\"heading.default\">\n\t\t\t\t\t<h4 class=\"elementor-heading-title elementor-size-default\">Sauna, hammam &amp; piscine int\u00e9rieure<\/h4>\t\t\t\t<\/div>\n\t\t\t\t<\/div>\n\t\t\t\t\t<\/div>\n\t\t\t\t<\/div>\n\t\t\t\t<section data-particle_enable=\"false\" data-particle-mobile-disabled=\"false\" class=\"elementor-section elementor-top-section elementor-element elementor-element-59piwy4 elementor-section-boxed elementor-section-height-default elementor-section-height-default\" data-id=\"59piwy4\" data-element_type=\"section\" data-settings=\"{&quot;background_background&quot;:&quot;classic&quot;}\">\n\t\t\t\t\t\t<div class=\"elementor-container elementor-column-gap-default\">\n\t\t\t\t\t<div class=\"elementor-column elementor-col-50 elementor-top-column elementor-element elementor-element-5eb62c9\" data-id=\"5eb62c9\" data-element_type=\"column\">\n\t\t\t<div class=\"elementor-widget-wrap elementor-element-populated\">\n\t\t\t\t\t\t<div class=\"elementor-element elementor-element-c86d32b elementor-widget elementor-widget-heading\" data-id=\"c86d32b\" data-element_type=\"widget\" data-widget_type=\"heading.default\">\n\t\t\t\t\t<h2 class=\"elementor-heading-title elementor-size-default\">Les m\u00e9galithes<\/h2>\t\t\t\t<\/div>\n\t\t\t\t<div class=\"elementor-element elementor-element-289c237 elementor-widget elementor-widget-text-editor\" data-id=\"289c237\" data-element_type=\"widget\" data-widget_type=\"text-editor.default\">\n\t\t\t\t\t\t\t\t\t<p>Nich\u00e9 dans un environnement paisible, ce g\u00eete d\u2019exception a \u00e9t\u00e9 con\u00e7u et d\u00e9cor\u00e9 avec des mat\u00e9riaux haut de gamme, m\u00ealant pierre naturelle, bois massif et finitions raffin\u00e9es. Chaque d\u00e9tail a \u00e9t\u00e9 pens\u00e9 pour cr\u00e9er une atmosph\u00e8re \u00e9l\u00e9gante et chaleureuse, propice \u00e0 la d\u00e9tente. Ses chambres spacieuses, son salon baign\u00e9 de lumi\u00e8re et sa d\u00e9coration soign\u00e9e offrent un cadre unique, o\u00f9 authenticit\u00e9 et confort premium se rencontrent au c\u0153ur des Ardennes.<\/p>\t\t\t\t\t\t\t\t<\/div>\n\t\t\t\t<div class=\"elementor-element elementor-element-b6c593a elementor-mobile-align-left elementor-widget elementor-widget-button\" data-id=\"b6c593a\" data-element_type=\"widget\" data-widget_type=\"button.default\">\n\t\t\t\t\t\t\t\t\t\t<a class=\"elementor-button elementor-button-link elementor-size-sm\" href=\"http:\/\/lesmegalithes.be\/index.php\/le-gite\/\">\n\t\t\t\t\t\t<span class=\"elementor-button-content-wrapper\">\n\t\t\t\t\t\t\t\t\t<span class=\"elementor-button-text\">Plus d'informations<\/span>\n\t\t\t\t\t<\/span>\n\t\t\t\t\t<\/a>\n\t\t\t\t\t\t\t\t<\/div>\n\t\t\t\t<div class=\"elementor-element elementor-element-302de7a elementor-invisible elementor-widget elementor-widget-image-carousel\" data-id=\"302de7a\" data-element_type=\"widget\" data-settings=\"{&quot;slides_to_show&quot;:&quot;1&quot;,&quot;navigation&quot;:&quot;none&quot;,&quot;autoplay_speed&quot;:2000,&quot;_animation&quot;:&quot;fadeInLeft&quot;,&quot;autoplay&quot;:&quot;yes&quot;,&quot;pause_on_hover&quot;:&quot;yes&quot;,&quot;pause_on_interaction&quot;:&quot;yes&quot;,&quot;infinite&quot;:&quot;yes&quot;,&quot;effect&quot;:&quot;slide&quot;,&quot;speed&quot;:500}\" data-widget_type=\"image-carousel.default\">\n\t\t\t\t\t\t\t<div class=\"elementor-image-carousel-wrapper swiper\" role=\"region\" aria-roledescription=\"carousel\" aria-label=\"Carrousel d\u2019images\" dir=\"ltr\">\n\t\t\t<div class=\"elementor-image-carousel swiper-wrapper\" aria-live=\"off\">\n\t\t\t\t\t\t\t\t<div class=\"swiper-slide\" role=\"group\" aria-roledescription=\"slide\" aria-label=\"1 of 1\"><figure class=\"swiper-slide-inner\"><img decoding=\"async\" class=\"swiper-slide-image\" src=\"https:\/\/lesmegalithes.be\/wp-content\/uploads\/2025\/07\/Salon-rustique-avec-cheminee-en-pierre.png\" alt=\"Salon rustique avec chemine\u0301e en pierre\" \/><\/figure><\/div>\t\t\t<\/div>\n\t\t\t\t\t<\/div>\n\t\t\t\t\t\t<\/div>\n\t\t\t\t\t<\/div>\n\t\t<\/div>\n\t\t\t\t<div class=\"elementor-column elementor-col-50 elementor-top-column elementor-element elementor-element-1392a61\" data-id=\"1392a61\" data-element_type=\"column\">\n\t\t\t<div class=\"elementor-widget-wrap elementor-element-populated\">\n\t\t\t\t\t\t<div class=\"elementor-element elementor-element-a1cd770 elementor-invisible elementor-widget elementor-widget-image\" data-id=\"a1cd770\" data-element_type=\"widget\" data-settings=\"{&quot;_animation&quot;:&quot;fadeInRight&quot;}\" data-widget_type=\"image.default\">\n\t\t\t\t\t\t\t\t\t\t\t\t\t\t\t<img fetchpriority=\"high\" decoding=\"async\" width=\"1024\" height=\"683\" src=\"https:\/\/lesmegalithes.be\/wp-content\/uploads\/2025\/07\/ChatGPT-Image-6-juil.-2025-09_40_36-1024x683.png\" class=\"attachment-large size-large wp-image-99\" alt=\"\" srcset=\"https:\/\/lesmegalithes.be\/wp-content\/uploads\/2025\/07\/ChatGPT-Image-6-juil.-2025-09_40_36-1024x683.png 1024w, https:\/\/lesmegalithes.be\/wp-content\/uploads\/2025\/07\/ChatGPT-Image-6-juil.-2025-09_40_36-300x200.png 300w, https:\/\/lesmegalithes.be\/wp-content\/uploads\/2025\/07\/ChatGPT-Image-6-juil.-2025-09_40_36-768x512.png 768w, https:\/\/lesmegalithes.be\/wp-content\/uploads\/2025\/07\/ChatGPT-Image-6-juil.-2025-09_40_36.png 1536w\" sizes=\"(max-width: 1024px) 100vw, 1024px\" \/>\t\t\t\t\t\t\t\t\t\t\t\t\t\t\t<\/div>\n\t\t\t\t<div class=\"elementor-element elementor-element-91c72a4 elementor-widget elementor-widget-heading\" data-id=\"91c72a4\" data-element_type=\"widget\" data-widget_type=\"heading.default\">\n\t\t\t\t\t<h3 class=\"elementor-heading-title elementor-size-default\">Tout le confort pour un s\u00e9jour sans souci.<\/h3>\t\t\t\t<\/div>\n\t\t\t\t<div class=\"elementor-element elementor-element-1e5b6e8 elementor-widget elementor-widget-text-editor\" data-id=\"1e5b6e8\" data-element_type=\"widget\" data-widget_type=\"text-editor.default\">\n\t\t\t\t\t\t\t\t\t<p>Le g\u00eete dispose d\u2019\u00e9quipements de qualit\u00e9 pour rendre votre s\u00e9jour aussi simple qu\u2019agr\u00e9able : cuisine moderne enti\u00e8rement \u00e9quip\u00e9e avec \u00e9lectrom\u00e9nager haut de gamme, connexion Wi-Fi rapide, t\u00e9l\u00e9vision, jeux de soci\u00e9t\u00e9, jardin, piscine, barbecue\u2026 Les familles appr\u00e9cieront \u00e9galement les am\u00e9nagements d\u00e9di\u00e9s, comme la chaise haute, le lit b\u00e9b\u00e9 ou encore l\u2019espace ext\u00e9rieur s\u00e9curis\u00e9 pour les enfants. Ici, tout est pens\u00e9 pour que vous n\u2019ayez plus qu\u2019\u00e0 poser vos valises et savourer l\u2019instant.<\/p>\t\t\t\t\t\t\t\t<\/div>\n\t\t\t\t<div class=\"elementor-element elementor-element-9e2dd0a elementor-mobile-align-left elementor-widget elementor-widget-button\" data-id=\"9e2dd0a\" data-element_type=\"widget\" data-widget_type=\"button.default\">\n\t\t\t\t\t\t\t\t\t\t<a class=\"elementor-button elementor-button-link elementor-size-sm\" href=\"http:\/\/lesmegalithes.be\/index.php\/le-gite\/\">\n\t\t\t\t\t\t<span class=\"elementor-button-content-wrapper\">\n\t\t\t\t\t\t\t\t\t<span class=\"elementor-button-text\">Plus d'informations<\/span>\n\t\t\t\t\t<\/span>\n\t\t\t\t\t<\/a>\n\t\t\t\t\t\t\t\t<\/div>\n\t\t\t\t<div class=\"elementor-element elementor-element-e8cdbdb elementor-invisible elementor-widget elementor-widget-image\" data-id=\"e8cdbdb\" data-element_type=\"widget\" data-settings=\"{&quot;_animation&quot;:&quot;fadeInRight&quot;}\" data-widget_type=\"image.default\">\n\t\t\t\t\t\t\t\t\t\t\t\t\t\t\t<img decoding=\"async\" width=\"1024\" height=\"683\" src=\"https:\/\/lesmegalithes.be\/wp-content\/uploads\/2025\/07\/37cd2ba5-806b-4efe-bb77-3a42d38a1ab1-1024x683.png\" class=\"attachment-large size-large wp-image-72\" alt=\"\" srcset=\"https:\/\/lesmegalithes.be\/wp-content\/uploads\/2025\/07\/37cd2ba5-806b-4efe-bb77-3a42d38a1ab1-1024x683.png 1024w, https:\/\/lesmegalithes.be\/wp-content\/uploads\/2025\/07\/37cd2ba5-806b-4efe-bb77-3a42d38a1ab1-300x200.png 300w, https:\/\/lesmegalithes.be\/wp-content\/uploads\/2025\/07\/37cd2ba5-806b-4efe-bb77-3a42d38a1ab1-768x512.png 768w, https:\/\/lesmegalithes.be\/wp-content\/uploads\/2025\/07\/37cd2ba5-806b-4efe-bb77-3a42d38a1ab1.png 1536w\" sizes=\"(max-width: 1024px) 100vw, 1024px\" \/>\t\t\t\t\t\t\t\t\t\t\t\t\t\t\t<\/div>\n\t\t\t\t\t<\/div>\n\t\t<\/div>\n\t\t\t\t\t<\/div>\n\t\t<\/section>\n\t\t\t\t<section data-particle_enable=\"false\" data-particle-mobile-disabled=\"false\" class=\"elementor-section elementor-top-section elementor-element elementor-element-3pm4oa9 elementor-section-full_width elementor-section-height-default elementor-section-height-default\" data-id=\"3pm4oa9\" data-element_type=\"section\">\n\t\t\t\t\t\t<div class=\"elementor-container elementor-column-gap-no\">\n\t\t\t\t\t<div class=\"elementor-column elementor-col-100 elementor-top-column elementor-element elementor-element-9f7917c\" data-id=\"9f7917c\" data-element_type=\"column\">\n\t\t\t<div class=\"elementor-widget-wrap elementor-element-populated\">\n\t\t\t\t\t\t<section data-particle_enable=\"false\" data-particle-mobile-disabled=\"false\" class=\"elementor-section elementor-inner-section elementor-element elementor-element-c896502 elementor-section-boxed elementor-section-height-default elementor-section-height-default elementor-invisible\" data-id=\"c896502\" data-element_type=\"section\" data-settings=\"{&quot;animation&quot;:&quot;fadeInUp&quot;}\">\n\t\t\t\t\t\t<div class=\"elementor-container elementor-column-gap-no\">\n\t\t\t\t\t<div class=\"elementor-column elementor-col-66 elementor-inner-column elementor-element elementor-element-945acd8\" data-id=\"945acd8\" data-element_type=\"column\">\n\t\t\t<div class=\"elementor-widget-wrap elementor-element-populated\">\n\t\t\t\t\t\t<div class=\"elementor-element elementor-element-bbd0a1c elementor-widget elementor-widget-heading\" data-id=\"bbd0a1c\" data-element_type=\"widget\" data-widget_type=\"heading.default\">\n\t\t\t\t\t<h2 class=\"elementor-heading-title elementor-size-default\">Un g\u00eete nich\u00e9 au c\u0153ur de la r\u00e9gion de Durbuy<\/h2>\t\t\t\t<\/div>\n\t\t\t\t<div class=\"elementor-element elementor-element-737b74b elementor-widget elementor-widget-text-editor\" data-id=\"737b74b\" data-element_type=\"widget\" data-widget_type=\"text-editor.default\">\n\t\t\t\t\t\t\t\t\t<p data-start=\"184\" data-end=\"590\">Id\u00e9alement situ\u00e9 \u00e0 W\u00e9ris, l\u2019un des plus beaux villages de Wallonie, Les M\u00e9galithes vous accueille dans un environnement naturel pr\u00e9serv\u00e9, \u00e0 seulement quelques minutes de Durbuy. Entre dolmens myst\u00e9rieux, sentiers forestiers et ruelles pleines de charme, la r\u00e9gion est parfaite pour les amoureux de nature, d\u2019histoire et de gastronomie locale. Un lieu authentique, o\u00f9 d\u00e9tente et d\u00e9couverte vont de pair.<\/p>\t\t\t\t\t\t\t\t<\/div>\n\t\t\t\t\t<\/div>\n\t\t<\/div>\n\t\t\t\t<div class=\"elementor-column elementor-col-33 elementor-inner-column elementor-element elementor-element-5ab34d2 elementor-invisible\" data-id=\"5ab34d2\" data-element_type=\"column\" data-settings=\"{&quot;animation&quot;:&quot;fadeInRight&quot;}\">\n\t\t\t<div class=\"elementor-widget-wrap elementor-element-populated\">\n\t\t\t\t\t\t<div class=\"elementor-element elementor-element-b10b38f elementor-widget elementor-widget-heading\" data-id=\"b10b38f\" data-element_type=\"widget\" data-widget_type=\"heading.default\">\n\t\t\t\t\t<h3 class=\"elementor-heading-title elementor-size-default\">Adresse<\/h3>\t\t\t\t<\/div>\n\t\t\t\t<div class=\"elementor-element elementor-element-ae05017 elementor-widget elementor-widget-text-editor\" data-id=\"ae05017\" data-element_type=\"widget\" data-widget_type=\"text-editor.default\">\n\t\t\t\t\t\t\t\t\t<p>Rue des dolmens 16a<br \/>6940 W\u00e9ris (Durbuy)<br \/>Belgique<\/p>\t\t\t\t\t\t\t\t<\/div>\n\t\t\t\t\t<\/div>\n\t\t<\/div>\n\t\t\t\t\t<\/div>\n\t\t<\/section>\n\t\t\t\t<div class=\"elementor-element elementor-element-24e8854 elementor-invisible elementor-widget elementor-widget-google_maps\" data-id=\"24e8854\" data-element_type=\"widget\" data-settings=\"{&quot;_animation&quot;:&quot;fadeInUp&quot;}\" data-widget_type=\"google_maps.default\">\n\t\t\t\t\t\t\t<div class=\"elementor-custom-embed\">\n\t\t\t<iframe loading=\"lazy\"\n\t\t\t\t\tsrc=\"https:\/\/maps.google.com\/maps?q=Rue%20des%20dolmens%2016a&#038;t=m&#038;z=16&#038;output=embed&#038;iwloc=near\"\n\t\t\t\t\ttitle=\"Rue des dolmens 16a\"\n\t\t\t\t\taria-label=\"Rue des dolmens 16a\"\n\t\t\t><\/iframe>\n\t\t<\/div>\n\t\t\t\t\t\t<\/div>\n\t\t\t\t\t<\/div>\n\t\t<\/div>\n\t\t\t\t\t<\/div>\n\t\t<\/section>\n\t\t\t\t<\/div>\n\t\t","protected":false},"excerpt":{"rendered":"<p>Les M\u00e9galithes, votre g\u00eete au c\u0153ur de la nature belge Un g\u00eete chaleureux et tout confort, nich\u00e9 dans la r\u00e9gion de Durbuy, pour vos escapades en famille, entre amis ou en amoureux. R\u00e9server W\u00e9ris (Durbuy) H\u00e9bergement pour 8 personnes 4 chambres 2 salles de bain Cuisine \u00e9quip\u00e9e Wifi &amp; TV piscine ext\u00e9rieure Sauna, hammam &amp; [&hellip;]<\/p>\n","protected":false},"author":1,"featured_media":0,"parent":0,"menu_order":0,"comment_status":"closed","ping_status":"closed","template":"elementor_header_footer","meta":{"footnotes":""},"class_list":["post-8","page","type-page","status-publish","hentry"],"blocksy_meta":[],"_links":{"self":[{"href":"https:\/\/lesmegalithes.be\/index.php\/wp-json\/wp\/v2\/pages\/8","targetHints":{"allow":["GET"]}}],"collection":[{"href":"https:\/\/lesmegalithes.be\/index.php\/wp-json\/wp\/v2\/pages"}],"about":[{"href":"https:\/\/lesmegalithes.be\/index.php\/wp-json\/wp\/v2\/types\/page"}],"author":[{"embeddable":true,"href":"https:\/\/lesmegalithes.be\/index.php\/wp-json\/wp\/v2\/users\/1"}],"replies":[{"embeddable":true,"href":"https:\/\/lesmegalithes.be\/index.php\/wp-json\/wp\/v2\/comments?post=8"}],"version-history":[{"count":426,"href":"https:\/\/lesmegalithes.be\/index.php\/wp-json\/wp\/v2\/pages\/8\/revisions"}],"predecessor-version":[{"id":1140,"href":"https:\/\/lesmegalithes.be\/index.php\/wp-json\/wp\/v2\/pages\/8\/revisions\/1140"}],"wp:attachment":[{"href":"https:\/\/lesmegalithes.be\/index.php\/wp-json\/wp\/v2\/media?parent=8"}],"curies":[{"name":"wp","href":"https:\/\/api.w.org\/{rel}","templated":true}]}}